{"id":134,"date":"2019-03-09T09:46:31","date_gmt":"2019-03-09T08:46:31","guid":{"rendered":"https:\/\/ballesgolf.ch\/?page_id=134"},"modified":"2019-03-09T09:46:32","modified_gmt":"2019-03-09T08:46:32","slug":"conditions-generales-de-vente","status":"publish","type":"page","link":"https:\/\/ballesgolf.ch\/index.php\/conditions-generales-de-vente\/","title":{"rendered":"Conditions g\u00e9n\u00e9rales de vente"},"content":{"rendered":"\n<p><em><strong>Prix<\/strong><br>Les prix de ce catalogue sont indiqu\u00e9s en francs suisses, montants nets, TVA comprise et garantis.<br>Les\n articles b\u00e9n\u00e9ficiant d&rsquo;une garantie sont soumis aux conditions de \nl&rsquo;offre valable lors de l&rsquo;achat. La garantie prend effet \u00e0 la date de \nlivraison de l&rsquo;article, justifi\u00e9e par le document d&rsquo;accompagnement \n(facture) que nous vous demandons de conserver soigneusement. Ne sont \npas couverts : les dommages dus \u00e0 un mauvais entretien, au non respect \ndu mode d&#8217;emploi, ou \u00e0 une usure normale.<\/em><\/p>\n\n\n\n<p><em><strong>Disponibilit\u00e9<\/strong>&nbsp;<br>Notre\n engagement de livraison est nul en cas de d\u00e9faillance ou non-respect \ndes d\u00e9lais d\u2019approvisionnement de la part de nos propres fournisseurs, \net dans la mesure o\u00f9 cette indisponibilit\u00e9 n\u2019est pas imputable \u00e0&nbsp;VOTRE ENTREPRISE. En cas d\u2019indisponibilit\u00e9 d\u2019un produit, nous vous informerons dans les meilleurs d\u00e9lais.<\/em><\/p>\n\n\n\n<p><em><strong>Modalit\u00e9s de paiement<\/strong><br>M\u00e9thodes de paiement : paiement Paypal ou paiement bancaire<br><br><strong>Livraison et transport<\/strong><br>L&rsquo;envoi des articles disponibles est effectu\u00e9 par poste dans un\u00a0d\u00e9lai de 5 \u00e0 8 jours environ. Une participation de votre part est demand\u00e9e une seule fois par commande.<br>A NOTER :\u00a0VOTRE ENTREPRISE\u00a0ne  livre pas ses colis en case postale et ne livre aucune marchandise \u00e0  une client\u00e8le mineure ou sous tutelle, sauf autorisation \u00e9crite des  parents ou tuteur.<\/em><\/p>\n\n\n\n<p><em><strong>Retour ou \u00e9change de marchandises<\/strong><br>Les\n articles doivent \u00eatre renvoy\u00e9s intacts et complets dans leur emballage \nd&rsquo;origine (avec les \u00e9tiquettes comportant leurs r\u00e9f\u00e9rences), accompagn\u00e9s\n du bordereau de livraison, dans un d\u00e9lai de 7 jours apr\u00e8s&nbsp;r\u00e9ception&nbsp;de \nvotre colis. Les frais de port li\u00e9s au retour sont \u00e0 votre charge. Dans \nle cas d&rsquo;une commande \u00e9change, les frais de port de votre nouvelle \ncommande vous sont offerts.&nbsp;<br><br><strong>Garantie l\u00e9gales<\/strong><br>V\u00e9rifiez\n l\u2019\u00e9tat des marchandises livr\u00e9es sans attendre pour exclure des vices de\n mati\u00e8re et de fabrication manifestes, ainsi que des dommages dus au \ntransport. Conform\u00e9ment \u00e0 la loi, vous \u00eates oblig\u00e9 de nous signaler tout\n d\u00e9faut ou anomalie affectant les marchandises livr\u00e9es pour nous \npermettre d\u2019y rem\u00e9dier.<br><br><strong>Protection des donn\u00e9es<\/strong><br>Toutes\n les donn\u00e9es \u00e0 caract\u00e8re personnel seront consid\u00e9r\u00e9es comme \nconfidentielles. Les informations n\u00e9cessaires \u00e0 la gestion de la \ncommande feront l\u2019objet d\u2019un traitement informatique et peuvent \u00eatre \ncommuniqu\u00e9es \u00e0 des entreprises associ\u00e9es dans le cadre de la gestion de \nla commande.<\/em><\/p>\n\n\n\n<p><em><strong>Droit applicable et for juridique<\/strong><\/em><br><em>Le droit applicable est le droit Suisse, et tout litige sera trait\u00e9 par le Tribunal d&rsquo;arrondissement de Sierre<\/em>\u00a0 \u207d\u00b9\u207e\u00a0 <\/p>\n","protected":false},"excerpt":{"rendered":"<p>PrixLes prix de ce catalogue sont indiqu\u00e9s en francs suisses, montants nets, TVA comprise et garantis.Les articles b\u00e9n\u00e9ficiant d&rsquo;une garantie sont soumis aux conditions de l&rsquo;offre valable lors de l&rsquo;achat. La garantie prend effet \u00e0 la date de livraison de l&rsquo;article, justifi\u00e9e par le document d&rsquo;accompagnement (facture) que nous vous demandons de conserver soigneusement. Ne &hellip; <a href=\"https:\/\/ballesgolf.ch\/index.php\/conditions-generales-de-vente\/\" class=\"more-link\">Continuer la lecture<span class=\"screen-reader-text\"> de &laquo;&nbsp;Conditions g\u00e9n\u00e9rales de vente&nbsp;&raquo;<\/span><\/a><\/p>\n","protected":false},"author":1,"featured_media":0,"parent":0,"menu_order":0,"comment_status":"closed","ping_status":"closed","template":"","meta":{"jetpack_post_was_ever_published":false,"footnotes":""},"class_list":["post-134","page","type-page","status-publish","hentry"],"jetpack_sharing_enabled":true,"jetpack_shortlink":"https:\/\/wp.me\/PaL9gd-2a","_links":{"self":[{"href":"https:\/\/ballesgolf.ch\/index.php\/wp-json\/wp\/v2\/pages\/134","targetHints":{"allow":["GET"]}}],"collection":[{"href":"https:\/\/ballesgolf.ch\/index.php\/wp-json\/wp\/v2\/pages"}],"about":[{"href":"https:\/\/ballesgolf.ch\/index.php\/wp-json\/wp\/v2\/types\/page"}],"author":[{"embeddable":true,"href":"https:\/\/ballesgolf.ch\/index.php\/wp-json\/wp\/v2\/users\/1"}],"replies":[{"embeddable":true,"href":"https:\/\/ballesgolf.ch\/index.php\/wp-json\/wp\/v2\/comments?post=134"}],"version-history":[{"count":1,"href":"https:\/\/ballesgolf.ch\/index.php\/wp-json\/wp\/v2\/pages\/134\/revisions"}],"predecessor-version":[{"id":135,"href":"https:\/\/ballesgolf.ch\/index.php\/wp-json\/wp\/v2\/pages\/134\/revisions\/135"}],"wp:attachment":[{"href":"https:\/\/ballesgolf.ch\/index.php\/wp-json\/wp\/v2\/media?parent=134"}],"curies":[{"name":"wp","href":"https:\/\/api.w.org\/{rel}","templated":true}]}}