{"id":119,"date":"2019-03-08T15:37:13","date_gmt":"2019-03-08T14:37:13","guid":{"rendered":"http:\/\/ballesgolf.ch\/?post_type=product&#038;p=119"},"modified":"2025-12-12T11:48:44","modified_gmt":"2025-12-12T10:48:44","slug":"titleist-prov1x-grise","status":"publish","type":"product","link":"https:\/\/ballesgolf.ch\/index.php\/produit\/titleist-prov1x-grise\/","title":{"rendered":"Titleist ProV1X Grise"},"content":{"rendered":"<p><img loading=\"lazy\" decoding=\"async\" class=\"alignnone size-medium wp-image-101\" src=\"http:\/\/ballesgolf.ch\/wp-content\/uploads\/2019\/03\/ProV1x_grise-273x300.jpg\" alt=\"\" width=\"273\" height=\"300\" title=\"\" srcset=\"https:\/\/ballesgolf.ch\/wp-content\/uploads\/2019\/03\/ProV1x_grise-273x300.jpg 273w, https:\/\/ballesgolf.ch\/wp-content\/uploads\/2019\/03\/ProV1x_grise-768x843.jpg 768w, https:\/\/ballesgolf.ch\/wp-content\/uploads\/2019\/03\/ProV1x_grise-933x1024.jpg 933w, https:\/\/ballesgolf.ch\/wp-content\/uploads\/2019\/03\/ProV1x_grise-1200x1317.jpg 1200w, https:\/\/ballesgolf.ch\/wp-content\/uploads\/2019\/03\/ProV1x_grise-400x439.jpg 400w\" sizes=\"auto, (max-width: 273px) 85vw, 273px\" \/><\/p>\n<h2 data-start=\"993\" data-end=\"1090\"><em data-start=\"1005\" data-end=\"1090\">Pourquoi la Titleist Pro V1x est le choix des golfeurs professionnels et amateurs ?<\/em><\/h2>\n<p class=\"\" data-start=\"1092\" data-end=\"1495\"><strong data-start=\"1092\" data-end=\"1108\">Introduction<\/strong> : La qu\u00eate de la balle de golf parfaite est un voyage pour chaque golfeur. Parmi les nombreuses options sur le march\u00e9, la <strong data-start=\"1231\" data-end=\"1251\">Titleist Pro V1x<\/strong> se distingue par sa combinaison unique de technologie et de performance. Utilis\u00e9e par de nombreux professionnels sur le circuit mondial, la Pro V1x est \u00e9galement un choix privil\u00e9gi\u00e9 pour les amateurs \u00e0 la recherche de pr\u00e9cision et de distance.<\/p>\n<p class=\"\" data-start=\"1497\" data-end=\"1524\"><strong data-start=\"1497\" data-end=\"1522\">Caract\u00e9ristiques cl\u00e9s<\/strong> :<\/p>\n<ul data-start=\"1525\" data-end=\"2051\">\n<li class=\"\" data-start=\"1525\" data-end=\"1668\">\n<p class=\"\" data-start=\"1527\" data-end=\"1668\"><strong data-start=\"1527\" data-end=\"1572\">Technologie de noyau \u00e0 faible compression<\/strong> : La Pro V1x optimise l\u2019\u00e9lan pour plus de distance, tout en offrant un toucher doux au contact.<\/p>\n<\/li>\n<li class=\"\" data-start=\"1669\" data-end=\"1863\">\n<p class=\"\" data-start=\"1671\" data-end=\"1863\"><strong data-start=\"1671\" data-end=\"1703\">Couche de couverture avanc\u00e9e<\/strong> : Le m\u00e9lange de mat\u00e9riau Urethane assure une adh\u00e9rence optimale et un contr\u00f4le pr\u00e9cis des trajectoires, particuli\u00e8rement sur les approches et les coups courts.<\/p>\n<\/li>\n<li class=\"\" data-start=\"1864\" data-end=\"2051\">\n<p class=\"\" data-start=\"1866\" data-end=\"2051\"><strong data-start=\"1866\" data-end=\"1899\">Deuxi\u00e8me couche de transition<\/strong> : Une technologie unique permettant un meilleur contr\u00f4le du spin, id\u00e9ale pour les golfeurs qui souhaitent jouer avec plus de constance et de pr\u00e9cision.<\/p>\n<\/li>\n<\/ul>\n<p class=\"\" data-start=\"2053\" data-end=\"2086\"><strong data-start=\"2053\" data-end=\"2086\">Pourquoi choisir la Pro V1x ?<\/strong><\/p>\n<ol data-start=\"2087\" data-end=\"2359\">\n<li class=\"\" data-start=\"2087\" data-end=\"2170\">\n<p class=\"\" data-start=\"2090\" data-end=\"2170\"><strong data-start=\"2090\" data-end=\"2118\">Distance impressionnante<\/strong> \u2013 Profitez d\u2019une puissance accrue sur chaque drive.<\/p>\n<\/li>\n<li class=\"\" data-start=\"2171\" data-end=\"2253\">\n<p class=\"\" data-start=\"2174\" data-end=\"2253\"><strong data-start=\"2174\" data-end=\"2199\">Contr\u00f4le exceptionnel<\/strong> \u2013 Con\u00e7ue pour un maximum de performance sur le green.<\/p>\n<\/li>\n<li class=\"\" data-start=\"2254\" data-end=\"2359\">\n<p class=\"\" data-start=\"2257\" data-end=\"2359\"><strong data-start=\"2257\" data-end=\"2271\">Durabilit\u00e9<\/strong> \u2013 La Pro V1x est construite pour durer et garder sa forme m\u00eame apr\u00e8s plusieurs parties.<\/p>\n<\/li>\n<\/ol>\n","protected":false},"excerpt":{"rendered":"<p>Titleist ProV1X Grise<\/p>\n","protected":false},"featured_media":101,"comment_status":"open","ping_status":"closed","template":"","meta":{"jetpack_post_was_ever_published":false,"jetpack_publicize_message":"","jetpack_publicize_feature_enabled":true,"jetpack_social_post_already_shared":true,"jetpack_social_options":{"image_generator_settings":{"template":"highway","default_image_id":0,"font":"","enabled":false},"version":2}},"product_brand":[],"product_cat":[23],"product_tag":[],"class_list":{"0":"post-119","1":"product","2":"type-product","3":"status-publish","4":"has-post-thumbnail","6":"product_cat-titleist","8":"first","9":"instock","10":"sale","11":"shipping-taxable","12":"purchasable","13":"product-type-simple"},"jetpack_publicize_connections":[],"jetpack_sharing_enabled":true,"_links":{"self":[{"href":"https:\/\/ballesgolf.ch\/index.php\/wp-json\/wp\/v2\/product\/119","targetHints":{"allow":["GET"]}}],"collection":[{"href":"https:\/\/ballesgolf.ch\/index.php\/wp-json\/wp\/v2\/product"}],"about":[{"href":"https:\/\/ballesgolf.ch\/index.php\/wp-json\/wp\/v2\/types\/product"}],"replies":[{"embeddable":true,"href":"https:\/\/ballesgolf.ch\/index.php\/wp-json\/wp\/v2\/comments?post=119"}],"wp:featuredmedia":[{"embeddable":true,"href":"https:\/\/ballesgolf.ch\/index.php\/wp-json\/wp\/v2\/media\/101"}],"wp:attachment":[{"href":"https:\/\/ballesgolf.ch\/index.php\/wp-json\/wp\/v2\/media?parent=119"}],"wp:term":[{"taxonomy":"product_brand","embeddable":true,"href":"https:\/\/ballesgolf.ch\/index.php\/wp-json\/wp\/v2\/product_brand?post=119"},{"taxonomy":"product_cat","embeddable":true,"href":"https:\/\/ballesgolf.ch\/index.php\/wp-json\/wp\/v2\/product_cat?post=119"},{"taxonomy":"product_tag","embeddable":true,"href":"https:\/\/ballesgolf.ch\/index.php\/wp-json\/wp\/v2\/product_tag?post=119"}],"curies":[{"name":"wp","href":"https:\/\/api.w.org\/{rel}","templated":true}]}}