{"id":719,"date":"2024-10-30T12:32:07","date_gmt":"2024-10-30T11:32:07","guid":{"rendered":"https:\/\/ballesgolf.ch\/?post_type=product&#038;p=719"},"modified":"2026-03-05T11:54:22","modified_gmt":"2026-03-05T10:54:22","slug":"bridgestone-rouge","status":"publish","type":"product","link":"https:\/\/ballesgolf.ch\/index.php\/produit\/bridgestone-rouge\/","title":{"rendered":"Bridgestone rouge"},"content":{"rendered":"<figure id=\"attachment_718\" aria-describedby=\"caption-attachment-718\" style=\"width: 300px\" class=\"wp-caption alignnone\"><img loading=\"lazy\" decoding=\"async\" class=\"size-medium wp-image-718\" src=\"https:\/\/ballesgolf.ch\/wp-content\/uploads\/2024\/10\/IMG_1706-300x225.jpg\" alt=\"Bridgestone rouge\" width=\"300\" height=\"225\" title=\"\" srcset=\"https:\/\/ballesgolf.ch\/wp-content\/uploads\/2024\/10\/IMG_1706-300x225.jpg 300w, https:\/\/ballesgolf.ch\/wp-content\/uploads\/2024\/10\/IMG_1706-1024x768.jpg 1024w, https:\/\/ballesgolf.ch\/wp-content\/uploads\/2024\/10\/IMG_1706-768x576.jpg 768w, https:\/\/ballesgolf.ch\/wp-content\/uploads\/2024\/10\/IMG_1706-1536x1152.jpg 1536w, https:\/\/ballesgolf.ch\/wp-content\/uploads\/2024\/10\/IMG_1706-2048x1536.jpg 2048w, https:\/\/ballesgolf.ch\/wp-content\/uploads\/2024\/10\/IMG_1706-1200x900.jpg 1200w, https:\/\/ballesgolf.ch\/wp-content\/uploads\/2024\/10\/IMG_1706-400x300.jpg 400w\" sizes=\"auto, (max-width: 300px) 85vw, 300px\" \/><figcaption id=\"caption-attachment-718\" class=\"wp-caption-text\">Bridgestone rouge<\/figcaption><\/figure>\n<h2 data-start=\"113\" data-end=\"198\">\ud83c\udfcc\ufe0f\u200d\u2642\ufe0f <strong data-start=\"123\" data-end=\"164\"><span class=\"entity-underline hover:entity-accent inline cursor-pointer align-baseline\"><span class=\"whitespace-normal\">Bridgestone <\/span><\/span><\/strong>balle de golf performance rouge<\/h2>\n<h3 data-start=\"200\" data-end=\"239\">\ud83c\udfaf Visibilit\u00e9 et rep\u00e9rage facilit\u00e9s<\/h3>\n<p data-start=\"240\" data-end=\"545\">La couleur <strong data-start=\"251\" data-end=\"265\">rouge vive<\/strong> rend la balle plus facile \u00e0 suivre en vol et plus simple \u00e0 rep\u00e9rer sur le fairway, particuli\u00e8rement sur des terrains verts ou dans des conditions lumineuses variables. \ud83d\udc40 La finition matte am\u00e9liore en plus la visibilit\u00e9 sans reflets g\u00eanants.<\/p>\n<h3 data-start=\"547\" data-end=\"585\">\ud83d\ude80 Distance et sensation de frappe<\/h3>\n<p data-start=\"586\" data-end=\"694\">Les mod\u00e8les rouges de Bridgestone (comme les s\u00e9ries e12) combinent technologies performantes pour offrir :<\/p>\n<ul data-start=\"695\" data-end=\"967\">\n<li data-start=\"695\" data-end=\"771\">\n<p data-start=\"697\" data-end=\"771\">un <strong data-start=\"700\" data-end=\"723\">vol de balle stable<\/strong>, gr\u00e2ce \u00e0 des motifs a\u00e9rodynamiques optimis\u00e9s,<\/p>\n<\/li>\n<li data-start=\"772\" data-end=\"856\">\n<p data-start=\"774\" data-end=\"856\">une <strong data-start=\"778\" data-end=\"804\">bonne vitesse de balle<\/strong>, id\u00e9ale pour maximiser la distance depuis le tee,<\/p>\n<\/li>\n<li data-start=\"857\" data-end=\"967\">\n<p data-start=\"859\" data-end=\"967\">une sensation agr\u00e9able au contact \u2014 \u00e0 la fois r\u00e9active et contr\u00f4lable.<\/p>\n<\/li>\n<\/ul>\n<h3 data-start=\"969\" data-end=\"1015\">\ud83d\udcaa Construction pens\u00e9e pour la performance<\/h3>\n<p data-start=\"1016\" data-end=\"1293\">Les balles Bridgestone rouges comme celles de la gamme e12 utilisent g\u00e9n\u00e9ralement une <strong data-start=\"1102\" data-end=\"1132\">construction multi-couches<\/strong> avec des rev\u00eatements durables, ce qui permet un bon \u00e9quilibre entre distance, contr\u00f4le et tol\u00e9rance aux erreurs de frappe.<\/p>\n<h2 data-start=\"1711\" data-end=\"1767\">\ud83c\udfcc\ufe0f\u200d\u2640\ufe0f Pourquoi choisir une balle rouge Bridgestone ?<\/h2>\n<p data-start=\"1768\" data-end=\"2149\">\u2705 <strong data-start=\"1770\" data-end=\"1807\">Visibilit\u00e9 accrue sur le parcours<\/strong>, surtout en conditions changeantes ou sur herbe dense. <br data-start=\"1900\" data-end=\"1903\" \/>\u2705 <strong data-start=\"1905\" data-end=\"1927\">Performance fiable<\/strong> avec technologies modernes Bridgestone \u2014 distance, toucher et stabilit\u00e9 au rendez-vous. <br data-start=\"2053\" data-end=\"2056\" \/>\u2705 <strong data-start=\"2058\" data-end=\"2074\">Style unique<\/strong> qui attire l\u2019\u0153il et facilite l\u2019identification de vos balles \u00e0 chaque trou.<\/p>\n","protected":false},"excerpt":{"rendered":"<p>\ud83c\udfcc\ufe0f\u200d\u2642\ufe0f Bridgestone balle de golf performance rouge \ud83c\udfaf Visibilit\u00e9 et rep\u00e9rage facilit\u00e9s La couleur rouge vive rend la balle plus facile \u00e0 suivre en vol et plus simple \u00e0 rep\u00e9rer sur le fairway, particuli\u00e8rement sur des terrains verts ou dans des conditions lumineuses variables. \ud83d\udc40 La finition matte am\u00e9liore en plus la visibilit\u00e9 sans reflets &hellip; <a href=\"https:\/\/ballesgolf.ch\/index.php\/produit\/bridgestone-rouge\/\" class=\"more-link\">Continuer la lecture<span class=\"screen-reader-text\"> de &laquo;&nbsp;Bridgestone rouge&nbsp;&raquo;<\/span><\/a><\/p>\n","protected":false},"featured_media":718,"comment_status":"open","ping_status":"closed","template":"","meta":{"jetpack_publicize_message":"","jetpack_publicize_feature_enabled":true,"jetpack_social_post_already_shared":true,"jetpack_social_options":{"image_generator_settings":{"template":"highway","default_image_id":0,"font":"","enabled":false},"version":2}},"product_brand":[],"product_cat":[28],"product_tag":[],"class_list":{"0":"post-719","1":"product","2":"type-product","3":"status-publish","4":"has-post-thumbnail","6":"product_cat-bridgestone","8":"first","9":"instock","10":"shipping-taxable","11":"purchasable","12":"product-type-simple"},"jetpack_publicize_connections":[],"jetpack_sharing_enabled":true,"_links":{"self":[{"href":"https:\/\/ballesgolf.ch\/index.php\/wp-json\/wp\/v2\/product\/719","targetHints":{"allow":["GET"]}}],"collection":[{"href":"https:\/\/ballesgolf.ch\/index.php\/wp-json\/wp\/v2\/product"}],"about":[{"href":"https:\/\/ballesgolf.ch\/index.php\/wp-json\/wp\/v2\/types\/product"}],"replies":[{"embeddable":true,"href":"https:\/\/ballesgolf.ch\/index.php\/wp-json\/wp\/v2\/comments?post=719"}],"wp:featuredmedia":[{"embeddable":true,"href":"https:\/\/ballesgolf.ch\/index.php\/wp-json\/wp\/v2\/media\/718"}],"wp:attachment":[{"href":"https:\/\/ballesgolf.ch\/index.php\/wp-json\/wp\/v2\/media?parent=719"}],"wp:term":[{"taxonomy":"product_brand","embeddable":true,"href":"https:\/\/ballesgolf.ch\/index.php\/wp-json\/wp\/v2\/product_brand?post=719"},{"taxonomy":"product_cat","embeddable":true,"href":"https:\/\/ballesgolf.ch\/index.php\/wp-json\/wp\/v2\/product_cat?post=719"},{"taxonomy":"product_tag","embeddable":true,"href":"https:\/\/ballesgolf.ch\/index.php\/wp-json\/wp\/v2\/product_tag?post=719"}],"curies":[{"name":"wp","href":"https:\/\/api.w.org\/{rel}","templated":true}]}}