{"id":731,"date":"2025-01-20T12:27:59","date_gmt":"2025-01-20T11:27:59","guid":{"rendered":"https:\/\/ballesgolf.ch\/?post_type=product&#038;p=731"},"modified":"2026-04-26T17:03:35","modified_gmt":"2026-04-26T15:03:35","slug":"taylormade-tp5x","status":"publish","type":"product","link":"https:\/\/ballesgolf.ch\/index.php\/produit\/taylormade-tp5x\/","title":{"rendered":"Taylormade TP5x ou TP5"},"content":{"rendered":"<figure id=\"attachment_730\" aria-describedby=\"caption-attachment-730\" style=\"width: 300px\" class=\"wp-caption alignnone\"><img loading=\"lazy\" decoding=\"async\" class=\"size-medium wp-image-730\" src=\"https:\/\/ballesgolf.ch\/wp-content\/uploads\/2025\/01\/IMG_1713-300x225.jpg\" alt=\"Taylormade TP5\" width=\"300\" height=\"225\" title=\"\" srcset=\"https:\/\/ballesgolf.ch\/wp-content\/uploads\/2025\/01\/IMG_1713-300x225.jpg 300w, https:\/\/ballesgolf.ch\/wp-content\/uploads\/2025\/01\/IMG_1713-1024x768.jpg 1024w, https:\/\/ballesgolf.ch\/wp-content\/uploads\/2025\/01\/IMG_1713-768x576.jpg 768w, https:\/\/ballesgolf.ch\/wp-content\/uploads\/2025\/01\/IMG_1713-1536x1152.jpg 1536w, https:\/\/ballesgolf.ch\/wp-content\/uploads\/2025\/01\/IMG_1713-2048x1536.jpg 2048w, https:\/\/ballesgolf.ch\/wp-content\/uploads\/2025\/01\/IMG_1713-1200x900.jpg 1200w, https:\/\/ballesgolf.ch\/wp-content\/uploads\/2025\/01\/IMG_1713-400x300.jpg 400w\" sizes=\"auto, (max-width: 300px) 85vw, 300px\" \/><figcaption id=\"caption-attachment-730\" class=\"wp-caption-text\">Taylormade TP5x ou TP5<\/figcaption><\/figure>\n<h2 data-start=\"207\" data-end=\"260\">\ud83c\udfcc\ufe0f\u200d\u2642\ufe0f <strong data-start=\"217\" data-end=\"258\"><span class=\"entity-underline hover:entity-accent inline cursor-pointer align-baseline\"><span class=\"whitespace-normal\">Taylormade &#8211; TP5x\u00a0<\/span><\/span><\/strong><\/h2>\n<h2 data-start=\"207\" data-end=\"260\">Performance haut de gamme pour joueurs exigeants<\/h2>\n<p data-start=\"315\" data-end=\"645\">Les balles <strong data-start=\"326\" data-end=\"345\">TaylorMade TP5x<\/strong> incarnent l\u2019excellence dans la technologie des balles de golf \u2014 optimis\u00e9es pour la vitesse, la distance et le contr\u00f4le <strong data-start=\"465\" data-end=\"484\">shot apr\u00e8s shot<\/strong>. Elles sont con\u00e7ues pour les golfeurs \u00e0 swing rapide ou ceux qui cherchent \u00e0 maximiser leurs performances sur le parcours.<\/p>\n<hr data-start=\"647\" data-end=\"650\" \/>\n<h3 data-start=\"652\" data-end=\"699\">\ud83d\udd25 <strong data-start=\"659\" data-end=\"699\">Vitesse et distance impressionnantes<\/strong><\/h3>\n<p data-start=\"700\" data-end=\"1033\">La construction <strong data-start=\"716\" data-end=\"747\">5-couches ultra-performante<\/strong> associ\u00e9e \u00e0 un noyau \u00ab Speed Wrapped \u00bb redessin\u00e9 permet une restitution d\u2019\u00e9nergie exceptionnelle \u00e0 l\u2019impact. Cela se traduit par une <strong data-start=\"880\" data-end=\"937\">vitesse de balle accrue et des distances plus longues<\/strong>, tout en maintenant une trajectoire p\u00e9n\u00e9trante et stable.<\/p>\n<hr data-start=\"1035\" data-end=\"1038\" \/>\n<h3 data-start=\"1040\" data-end=\"1085\">\ud83d\ude80 <strong data-start=\"1047\" data-end=\"1085\">Vol de balle p\u00e9n\u00e9trant et r\u00e9gulier<\/strong><\/h3>\n<p data-start=\"1086\" data-end=\"1353\">Gr\u00e2ce \u00e0 un motif de fossettes optimis\u00e9 (<em data-start=\"1126\" data-end=\"1163\">Seamless Tour Flight Dimple Pattern<\/em>), les TP5x r\u00e9duisent les turbulences, permettant \u00e0 la balle de <strong data-start=\"1227\" data-end=\"1269\">tenir sa ligne m\u00eame par vent contraire<\/strong> et de garder une trajectoire plus pr\u00e9visible.<\/p>\n<hr data-start=\"1355\" data-end=\"1358\" \/>\n<h3 data-start=\"1360\" data-end=\"1384\">\ud83c\udfaf <strong data-start=\"1367\" data-end=\"1384\">Spin ma\u00eetris\u00e9<\/strong><\/h3>\n<p data-start=\"1385\" data-end=\"1723\">Ces balles sont r\u00e9put\u00e9es pour leur <strong data-start=\"1420\" data-end=\"1471\">faible spin au drive et sur les longues frappes<\/strong>, ce qui aide \u00e0 obtenir plus de roule apr\u00e8s atterrissage et une distance totale accrue. En revanche, l\u2019enveloppe en ur\u00e9thane ultra-fine offre suffisamment de spin pr\u00e8s des greens pour un bon contr\u00f4le des approches.<\/p>\n<hr data-start=\"1725\" data-end=\"1728\" \/>\n<h3 data-start=\"1730\" data-end=\"1780\">\ud83d\udcaa <strong data-start=\"1737\" data-end=\"1780\">Sensation ferme et retour d\u2019information<\/strong><\/h3>\n<p data-start=\"1781\" data-end=\"2040\">Les TP5x ont un toucher un peu <strong data-start=\"1812\" data-end=\"1867\">plus ferme que certains mod\u00e8les \u00ab tour \u00bb classiques<\/strong>, ce qui pla\u00eet aux joueurs qui pr\u00e9f\u00e8rent une sensation pr\u00e9cise et consistante \u00e0 chaque impact \u2014 sur les longs clubs comme au petit jeu.<\/p>\n<hr data-start=\"2042\" data-end=\"2045\" \/>\n<h2 data-start=\"2047\" data-end=\"2076\">\ud83c\udf1f Pourquoi choisir TP5x ?<\/h2>\n<ul data-start=\"2078\" data-end=\"2579\">\n<li data-start=\"2078\" data-end=\"2206\">\n<p data-start=\"2080\" data-end=\"2206\"><strong data-start=\"2080\" data-end=\"2101\">Distance maximale<\/strong> \u2013 pour attaquer le parcours et gagner des m\u00e8tres \u00e0 chaque drive.<\/p>\n<\/li>\n<li data-start=\"2207\" data-end=\"2334\">\n<p data-start=\"2209\" data-end=\"2334\"><strong data-start=\"2209\" data-end=\"2230\">Contr\u00f4le am\u00e9lior\u00e9<\/strong> \u2013 \u00e9quilibre parfait entre vitesse, stabilit\u00e9 et spin ing\u00e9nieux.<\/p>\n<\/li>\n<li data-start=\"2335\" data-end=\"2458\">\n<p data-start=\"2337\" data-end=\"2458\"><strong data-start=\"2337\" data-end=\"2365\">Stable m\u00eame dans le vent<\/strong> \u2013 trajectoires pr\u00e9visibles pour des coups confiants.<\/p>\n<\/li>\n<li data-start=\"2459\" data-end=\"2579\">\n<p data-start=\"2461\" data-end=\"2579\"><strong data-start=\"2461\" data-end=\"2489\">Docile autour des greens<\/strong> \u2013 bon spin de wedges pour des approches pr\u00e9cises.<\/p>\n<\/li>\n<\/ul>\n<hr data-start=\"2581\" data-end=\"2584\" \/>\n<h3 data-start=\"2586\" data-end=\"2618\">\ud83c\udfc6 Pour qui est-elle faite ?<\/h3>\n<p data-start=\"2619\" data-end=\"2784\">La TP5x est id\u00e9ale pour :<br data-start=\"2644\" data-end=\"2647\" \/>\u2714 Golfeurs interm\u00e9diaires \u00e0 avanc\u00e9s<br data-start=\"2682\" data-end=\"2685\" \/>\u2714 Joueurs avec un swing rapide<br data-start=\"2715\" data-end=\"2718\" \/>\u2714 Ceux qui veulent conjuguer <strong data-start=\"2747\" data-end=\"2782\">distance et performance globale<\/strong><\/p>\n","protected":false},"excerpt":{"rendered":"<p>\ud83c\udfcc\ufe0f\u200d\u2642\ufe0f Taylormade &#8211; TP5x\u00a0 Performance haut de gamme pour joueurs exigeants Les balles TaylorMade TP5x incarnent l\u2019excellence dans la technologie des balles de golf \u2014 optimis\u00e9es pour la vitesse, la distance et le contr\u00f4le shot apr\u00e8s shot. Elles sont con\u00e7ues pour les golfeurs \u00e0 swing rapide ou ceux qui cherchent \u00e0 maximiser leurs performances sur &hellip; <a href=\"https:\/\/ballesgolf.ch\/index.php\/produit\/taylormade-tp5x\/\" class=\"more-link\">Continuer la lecture<span class=\"screen-reader-text\"> de &laquo;&nbsp;Taylormade TP5x ou TP5&nbsp;&raquo;<\/span><\/a><\/p>\n","protected":false},"featured_media":730,"comment_status":"open","ping_status":"closed","template":"","meta":{"jetpack_post_was_ever_published":false,"jetpack_publicize_message":"","jetpack_publicize_feature_enabled":true,"jetpack_social_post_already_shared":true,"jetpack_social_options":{"image_generator_settings":{"template":"highway","default_image_id":0,"font":"","enabled":false},"version":2}},"product_brand":[],"product_cat":[24],"product_tag":[],"class_list":{"0":"post-731","1":"product","2":"type-product","3":"status-publish","4":"has-post-thumbnail","6":"product_cat-taylormade","8":"first","9":"outofstock","10":"shipping-taxable","11":"purchasable","12":"product-type-simple"},"jetpack_publicize_connections":[],"jetpack_sharing_enabled":true,"_links":{"self":[{"href":"https:\/\/ballesgolf.ch\/index.php\/wp-json\/wp\/v2\/product\/731","targetHints":{"allow":["GET"]}}],"collection":[{"href":"https:\/\/ballesgolf.ch\/index.php\/wp-json\/wp\/v2\/product"}],"about":[{"href":"https:\/\/ballesgolf.ch\/index.php\/wp-json\/wp\/v2\/types\/product"}],"replies":[{"embeddable":true,"href":"https:\/\/ballesgolf.ch\/index.php\/wp-json\/wp\/v2\/comments?post=731"}],"wp:featuredmedia":[{"embeddable":true,"href":"https:\/\/ballesgolf.ch\/index.php\/wp-json\/wp\/v2\/media\/730"}],"wp:attachment":[{"href":"https:\/\/ballesgolf.ch\/index.php\/wp-json\/wp\/v2\/media?parent=731"}],"wp:term":[{"taxonomy":"product_brand","embeddable":true,"href":"https:\/\/ballesgolf.ch\/index.php\/wp-json\/wp\/v2\/product_brand?post=731"},{"taxonomy":"product_cat","embeddable":true,"href":"https:\/\/ballesgolf.ch\/index.php\/wp-json\/wp\/v2\/product_cat?post=731"},{"taxonomy":"product_tag","embeddable":true,"href":"https:\/\/ballesgolf.ch\/index.php\/wp-json\/wp\/v2\/product_tag?post=731"}],"curies":[{"name":"wp","href":"https:\/\/api.w.org\/{rel}","templated":true}]}}