{"id":739,"date":"2025-02-03T10:07:39","date_gmt":"2025-02-03T09:07:39","guid":{"rendered":"https:\/\/ballesgolf.ch\/?post_type=product&#038;p=739"},"modified":"2026-02-14T10:03:28","modified_gmt":"2026-02-14T09:03:28","slug":"balles-range","status":"publish","type":"product","link":"https:\/\/ballesgolf.ch\/index.php\/produit\/balles-range\/","title":{"rendered":"Balles Range"},"content":{"rendered":"<figure id=\"attachment_738\" aria-describedby=\"caption-attachment-738\" style=\"width: 300px\" class=\"wp-caption alignnone\"><img loading=\"lazy\" decoding=\"async\" class=\"size-medium wp-image-738\" src=\"https:\/\/ballesgolf.ch\/wp-content\/uploads\/2025\/02\/IMG_1714-300x225.jpg\" alt=\"Balle Range\" width=\"300\" height=\"225\" title=\"\" srcset=\"https:\/\/ballesgolf.ch\/wp-content\/uploads\/2025\/02\/IMG_1714-300x225.jpg 300w, https:\/\/ballesgolf.ch\/wp-content\/uploads\/2025\/02\/IMG_1714-1024x768.jpg 1024w, https:\/\/ballesgolf.ch\/wp-content\/uploads\/2025\/02\/IMG_1714-768x576.jpg 768w, https:\/\/ballesgolf.ch\/wp-content\/uploads\/2025\/02\/IMG_1714-1536x1152.jpg 1536w, https:\/\/ballesgolf.ch\/wp-content\/uploads\/2025\/02\/IMG_1714-2048x1536.jpg 2048w, https:\/\/ballesgolf.ch\/wp-content\/uploads\/2025\/02\/IMG_1714-1200x900.jpg 1200w, https:\/\/ballesgolf.ch\/wp-content\/uploads\/2025\/02\/IMG_1714-400x300.jpg 400w\" sizes=\"auto, (max-width: 300px) 85vw, 300px\" \/><figcaption id=\"caption-attachment-738\" class=\"wp-caption-text\">Balles Range<\/figcaption><\/figure>\n<h2 data-start=\"0\" data-end=\"66\">\ud83c\udfcc\ufe0f\u200d\u2642\ufe0f Balles de golf <em data-start=\"25\" data-end=\"32\">range<\/em> \u2013 L\u2019essentiel pour l\u2019entra\u00eenement<\/h2>\n<p data-start=\"68\" data-end=\"272\">Con\u00e7ues sp\u00e9cifiquement pour la pratique au practice, les balles de golf <em data-start=\"140\" data-end=\"147\">range<\/em> sont id\u00e9ales pour travailler votre swing, am\u00e9liorer votre r\u00e9gularit\u00e9 et gagner en confiance sans utiliser vos balles de jeu.<\/p>\n<hr data-start=\"274\" data-end=\"277\" \/>\n<h3 data-start=\"279\" data-end=\"324\">\ud83c\udfaf Parfaites pour l\u2019entra\u00eenement intensif<\/h3>\n<p data-start=\"325\" data-end=\"503\">Les balles <em data-start=\"336\" data-end=\"343\">range<\/em> sont pens\u00e9es pour supporter un grand nombre de frappes. Leur construction robuste leur permet de r\u00e9sister aux impacts r\u00e9p\u00e9t\u00e9s, m\u00eame lors de s\u00e9ances prolong\u00e9es.<\/p>\n<h3 data-start=\"505\" data-end=\"531\">\ud83d\udcaa R\u00e9sistance maximale<\/h3>\n<p data-start=\"532\" data-end=\"702\">Gr\u00e2ce \u00e0 leur enveloppe renforc\u00e9e, elles offrent une excellente durabilit\u00e9. Un choix \u00e9conomique et pratique pour les clubs de golf, les practices et les joueurs r\u00e9guliers.<\/p>\n<h3 data-start=\"704\" data-end=\"727\">\ud83d\udccf Distance adapt\u00e9e<\/h3>\n<p data-start=\"728\" data-end=\"946\">Certaines balles de practice sont con\u00e7ues pour limiter l\u00e9g\u00e8rement la distance afin de s\u2019adapter aux installations d\u2019entra\u00eenement. Elles permettent tout de m\u00eame de travailler efficacement la trajectoire et la pr\u00e9cision.<\/p>\n<h3 data-start=\"948\" data-end=\"978\">\ud83d\udd04 Id\u00e9ales pour progresser<\/h3>\n<p data-start=\"979\" data-end=\"995\">Parfaites pour :<\/p>\n<ul data-start=\"996\" data-end=\"1110\">\n<li data-start=\"996\" data-end=\"1031\">\n<p data-start=\"998\" data-end=\"1031\">Travailler le drive et les fers<\/p>\n<\/li>\n<li data-start=\"1032\" data-end=\"1053\">\n<p data-start=\"1034\" data-end=\"1053\">Ajuster son swing<\/p>\n<\/li>\n<li data-start=\"1054\" data-end=\"1077\">\n<p data-start=\"1056\" data-end=\"1077\">Gagner en constance<\/p>\n<\/li>\n<li data-start=\"1078\" data-end=\"1110\">\n<p data-start=\"1080\" data-end=\"1110\">S\u2019\u00e9chauffer avant une partie<\/p>\n<\/li>\n<\/ul>\n","protected":false},"excerpt":{"rendered":"<p>\ud83c\udfcc\ufe0f\u200d\u2642\ufe0f Balles de golf range \u2013 L\u2019essentiel pour l\u2019entra\u00eenement Con\u00e7ues sp\u00e9cifiquement pour la pratique au practice, les balles de golf range sont id\u00e9ales pour travailler votre swing, am\u00e9liorer votre r\u00e9gularit\u00e9 et gagner en confiance sans utiliser vos balles de jeu. \ud83c\udfaf Parfaites pour l\u2019entra\u00eenement intensif Les balles range sont pens\u00e9es pour supporter un grand nombre &hellip; <a href=\"https:\/\/ballesgolf.ch\/index.php\/produit\/balles-range\/\" class=\"more-link\">Continuer la lecture<span class=\"screen-reader-text\"> de &laquo;&nbsp;Balles Range&nbsp;&raquo;<\/span><\/a><\/p>\n","protected":false},"featured_media":738,"comment_status":"open","ping_status":"closed","template":"","meta":{"jetpack_post_was_ever_published":false,"jetpack_publicize_message":"","jetpack_publicize_feature_enabled":true,"jetpack_social_post_already_shared":true,"jetpack_social_options":{"image_generator_settings":{"template":"highway","default_image_id":0,"font":"","enabled":false},"version":2}},"product_brand":[],"product_cat":[15],"product_tag":[],"class_list":{"0":"post-739","1":"product","2":"type-product","3":"status-publish","4":"has-post-thumbnail","6":"product_cat-non-classe","8":"first","9":"instock","10":"sale","11":"shipping-taxable","12":"purchasable","13":"product-type-simple"},"jetpack_publicize_connections":[],"jetpack_sharing_enabled":true,"_links":{"self":[{"href":"https:\/\/ballesgolf.ch\/index.php\/wp-json\/wp\/v2\/product\/739","targetHints":{"allow":["GET"]}}],"collection":[{"href":"https:\/\/ballesgolf.ch\/index.php\/wp-json\/wp\/v2\/product"}],"about":[{"href":"https:\/\/ballesgolf.ch\/index.php\/wp-json\/wp\/v2\/types\/product"}],"replies":[{"embeddable":true,"href":"https:\/\/ballesgolf.ch\/index.php\/wp-json\/wp\/v2\/comments?post=739"}],"wp:featuredmedia":[{"embeddable":true,"href":"https:\/\/ballesgolf.ch\/index.php\/wp-json\/wp\/v2\/media\/738"}],"wp:attachment":[{"href":"https:\/\/ballesgolf.ch\/index.php\/wp-json\/wp\/v2\/media?parent=739"}],"wp:term":[{"taxonomy":"product_brand","embeddable":true,"href":"https:\/\/ballesgolf.ch\/index.php\/wp-json\/wp\/v2\/product_brand?post=739"},{"taxonomy":"product_cat","embeddable":true,"href":"https:\/\/ballesgolf.ch\/index.php\/wp-json\/wp\/v2\/product_cat?post=739"},{"taxonomy":"product_tag","embeddable":true,"href":"https:\/\/ballesgolf.ch\/index.php\/wp-json\/wp\/v2\/product_tag?post=739"}],"curies":[{"name":"wp","href":"https:\/\/api.w.org\/{rel}","templated":true}]}}