{"id":75,"date":"2019-03-08T13:33:45","date_gmt":"2019-03-08T12:33:45","guid":{"rendered":"http:\/\/ballesgolf.ch\/?post_type=product&#038;p=75"},"modified":"2026-03-13T16:47:36","modified_gmt":"2026-03-13T15:47:36","slug":"titleist-nxt-dt-pts","status":"publish","type":"product","link":"https:\/\/ballesgolf.ch\/index.php\/produit\/titleist-nxt-dt-pts\/","title":{"rendered":"Titleist NXT, DT, PTS&#8230;"},"content":{"rendered":"<p><img loading=\"lazy\" decoding=\"async\" class=\"alignnone size-medium wp-image-30\" src=\"http:\/\/ballesgolf.ch\/wp-content\/uploads\/2019\/02\/Titleist_NXT-300x263.jpg\" alt=\"\" width=\"300\" height=\"263\" title=\"\" srcset=\"https:\/\/ballesgolf.ch\/wp-content\/uploads\/2019\/02\/Titleist_NXT-300x263.jpg 300w, https:\/\/ballesgolf.ch\/wp-content\/uploads\/2019\/02\/Titleist_NXT-400x351.jpg 400w, https:\/\/ballesgolf.ch\/wp-content\/uploads\/2019\/02\/Titleist_NXT.jpg 640w\" sizes=\"auto, (max-width: 300px) 85vw, 300px\" \/><\/p>\n<p>Balle Titleist<\/p>\n<h2 data-start=\"184\" data-end=\"275\">\ud83c\udfcc\ufe0f\u200d\u2642\ufe0f Balles de golf <strong data-start=\"209\" data-end=\"235\">Titleist NXT, DT &amp; PTS<\/strong> \u2014 Performance adapt\u00e9e \u00e0 tous les styles<\/h2>\n<h3 data-start=\"277\" data-end=\"357\">\ud83c\udfaf <strong data-start=\"284\" data-end=\"325\"><span class=\"entity-underline hover:entity-accent inline cursor-pointer align-baseline\"><span class=\"whitespace-normal\">Titleist Nxt Tour 3\u2011Ball<\/span><\/span><\/strong> \u2013 Distance, contr\u00f4le et douceur<\/h3>\n<p data-start=\"358\" data-end=\"787\">Les balles <strong data-start=\"369\" data-end=\"376\">NXT<\/strong> de <em data-start=\"380\" data-end=\"390\">Titleist<\/em> sont con\u00e7ues pour offrir un excellent compromis entre distance, toucher et r\u00e9gularit\u00e9. Gr\u00e2ce \u00e0 une construction multi-couches et un noyau fusible, elles permettent de g\u00e9n\u00e9rer une bonne <strong data-start=\"576\" data-end=\"596\">vitesse de balle<\/strong> et une trajectoire stable, tout en conservant un <strong data-start=\"646\" data-end=\"683\">contr\u00f4le fiable autour des greens<\/strong> \u2014 un vrai choix polyvalent pour joueurs interm\u00e9diaires \u00e0 avanc\u00e9s.<\/p>\n<p data-start=\"789\" data-end=\"901\">\ud83d\udc49 <strong data-start=\"792\" data-end=\"808\">Id\u00e9al pour :<\/strong> ceux qui veulent un \u00e9quilibre entre distance, sensation et performance sur tout le parcours.<\/p>\n<hr data-start=\"903\" data-end=\"906\" \/>\n<h3 data-start=\"908\" data-end=\"980\">\ud83d\udfe0 <strong data-start=\"915\" data-end=\"956\"><span class=\"entity-underline hover:entity-accent inline cursor-pointer align-baseline\"><span class=\"whitespace-normal\">Titleist Other &#8211; New Titleist Dt Distance Golf Balls<\/span><\/span><\/strong> \u2013 Douceur et jouabilit\u00e9<\/h3>\n<p data-start=\"981\" data-end=\"1362\">Les balles <strong data-start=\"992\" data-end=\"998\">DT<\/strong> (parfois commercialis\u00e9es sous des noms comme DT Distance ou DT TruSoft\/SoLo selon l\u2019\u00e9poque) se distinguent par <strong data-start=\"1110\" data-end=\"1134\">un toucher plus doux<\/strong>, particuli\u00e8rement agr\u00e9able au petit jeu. Elles sont con\u00e7ues pour les golfeurs qui pr\u00e9f\u00e8rent une sensation plus moelleuse tout en gardant une performance correcte en distance et en contr\u00f4le.<\/p>\n<p data-start=\"1364\" data-end=\"1461\">\ud83d\udc49 <strong data-start=\"1367\" data-end=\"1383\">Id\u00e9al pour :<\/strong> les joueurs recherchant une sensation plus souple et un confort de jeu \u00e9lev\u00e9.<\/p>\n<hr data-start=\"1463\" data-end=\"1466\" \/>\n<h3 data-start=\"1468\" data-end=\"1500\">\u26aa <strong data-start=\"1474\" data-end=\"1500\">Titre historique : PTS<\/strong><\/h3>\n<p data-start=\"1501\" data-end=\"1834\">Les balles <strong data-start=\"1512\" data-end=\"1519\">PTS<\/strong> font partie de l\u2019histoire des balles Titleist et ont souvent \u00e9t\u00e9 associ\u00e9es \u00e0 des performances tr\u00e8s \u00e9quilibr\u00e9es o\u00f9 <strong data-start=\"1634\" data-end=\"1679\">jouabilit\u00e9 et rep\u00e9rage se conjuguent bien<\/strong>. Elles ont \u00e9t\u00e9 int\u00e9gr\u00e9es ou fusionn\u00e9es dans certaines g\u00e9n\u00e9rations de DT (par exemple DT Solo dans certaines lignes).<\/p>\n<p data-start=\"1836\" data-end=\"1965\">\ud83d\udc49 <strong data-start=\"1839\" data-end=\"1855\">Id\u00e9al pour :<\/strong> les amateurs de balles classiques ou ceux qui recherchent une balle fiable avec une bonne sensation g\u00e9n\u00e9rale.<\/p>\n<hr data-start=\"1967\" data-end=\"1970\" \/>\n<h2 data-start=\"1972\" data-end=\"2006\">\ud83e\udde0 Diff\u00e9rences en un coup d\u2019\u0153il<\/h2>\n<ul data-start=\"2008\" data-end=\"2453\">\n<li data-start=\"2008\" data-end=\"2169\">\n<p data-start=\"2010\" data-end=\"2169\"><strong data-start=\"2010\" data-end=\"2017\">NXT<\/strong> \u2192 mix \u00e9quilibr\u00e9 <strong data-start=\"2034\" data-end=\"2067\">distance + contr\u00f4le + douceur<\/strong>, parfait pour joueurs qui veulent polyvalence et performance.<\/p>\n<\/li>\n<li data-start=\"2170\" data-end=\"2316\">\n<p data-start=\"2172\" data-end=\"2316\"><strong data-start=\"2172\" data-end=\"2178\">DT<\/strong> \u2192 <strong data-start=\"2181\" data-end=\"2205\">sensation plus douce<\/strong>, souvent un bon compromis pour confort de jeu et distance raisonnable.<\/p>\n<\/li>\n<li data-start=\"2317\" data-end=\"2453\">\n<p data-start=\"2319\" data-end=\"2453\"><strong data-start=\"2319\" data-end=\"2326\">PTS<\/strong> \u2192 mod\u00e8le plus <strong data-start=\"2341\" data-end=\"2355\">historique<\/strong>, souvent appr\u00e9ci\u00e9 pour sa fiabilit\u00e9 et jouabilit\u00e9 globales.<\/p>\n<\/li>\n<\/ul>\n<hr data-start=\"2455\" data-end=\"2458\" \/>\n<h2 data-start=\"2460\" data-end=\"2503\">\ud83c\udfc6 Pourquoi choisir une balle Titleist ?<\/h2>\n<p data-start=\"2505\" data-end=\"2996\">\u2714\ufe0f <em data-start=\"2508\" data-end=\"2518\">Titleist<\/em> est reconnu pour la qualit\u00e9, la constance et la technologie avanc\u00e9e de ses balles de golf, utilis\u00e9es par des amateurs comme des pros. <br data-start=\"2690\" data-end=\"2693\" \/>\u2714\ufe0f Chaque mod\u00e8le est con\u00e7u avec une construction sp\u00e9cifique (noyau, couverture, dimple pattern) pour r\u00e9pondre \u00e0 des objectifs de jeu pr\u00e9cis. <br data-start=\"2871\" data-end=\"2874\" \/>\u2714\ufe0f Que vous cherchiez <strong data-start=\"2896\" data-end=\"2916\">plus de distance<\/strong>, <strong data-start=\"2918\" data-end=\"2937\">plus de douceur<\/strong> ou <strong data-start=\"2941\" data-end=\"2966\">un toucher polyvalent<\/strong>, il existe une balle adapt\u00e9e.<\/p>\n","protected":false},"excerpt":{"rendered":"<p>Titleist NXT, DT, PTS<\/p>\n","protected":false},"featured_media":30,"comment_status":"open","ping_status":"closed","template":"","meta":{"jetpack_post_was_ever_published":false,"jetpack_publicize_message":"","jetpack_publicize_feature_enabled":true,"jetpack_social_post_already_shared":true,"jetpack_social_options":{"image_generator_settings":{"template":"highway","default_image_id":0,"font":"","enabled":false},"version":2}},"product_brand":[],"product_cat":[23],"product_tag":[],"class_list":{"0":"post-75","1":"product","2":"type-product","3":"status-publish","4":"has-post-thumbnail","6":"product_cat-titleist","8":"first","9":"instock","10":"shipping-taxable","11":"purchasable","12":"product-type-simple"},"jetpack_publicize_connections":[],"jetpack_sharing_enabled":true,"_links":{"self":[{"href":"https:\/\/ballesgolf.ch\/index.php\/wp-json\/wp\/v2\/product\/75","targetHints":{"allow":["GET"]}}],"collection":[{"href":"https:\/\/ballesgolf.ch\/index.php\/wp-json\/wp\/v2\/product"}],"about":[{"href":"https:\/\/ballesgolf.ch\/index.php\/wp-json\/wp\/v2\/types\/product"}],"replies":[{"embeddable":true,"href":"https:\/\/ballesgolf.ch\/index.php\/wp-json\/wp\/v2\/comments?post=75"}],"wp:featuredmedia":[{"embeddable":true,"href":"https:\/\/ballesgolf.ch\/index.php\/wp-json\/wp\/v2\/media\/30"}],"wp:attachment":[{"href":"https:\/\/ballesgolf.ch\/index.php\/wp-json\/wp\/v2\/media?parent=75"}],"wp:term":[{"taxonomy":"product_brand","embeddable":true,"href":"https:\/\/ballesgolf.ch\/index.php\/wp-json\/wp\/v2\/product_brand?post=75"},{"taxonomy":"product_cat","embeddable":true,"href":"https:\/\/ballesgolf.ch\/index.php\/wp-json\/wp\/v2\/product_cat?post=75"},{"taxonomy":"product_tag","embeddable":true,"href":"https:\/\/ballesgolf.ch\/index.php\/wp-json\/wp\/v2\/product_tag?post=75"}],"curies":[{"name":"wp","href":"https:\/\/api.w.org\/{rel}","templated":true}]}}