{"id":775,"date":"2025-02-28T12:32:35","date_gmt":"2025-02-28T11:32:35","guid":{"rendered":"https:\/\/ballesgolf.ch\/?post_type=product&#038;p=775"},"modified":"2026-03-24T15:35:12","modified_gmt":"2026-03-24T14:35:12","slug":"v-plus","status":"publish","type":"product","link":"https:\/\/ballesgolf.ch\/index.php\/produit\/v-plus\/","title":{"rendered":"V Plus"},"content":{"rendered":"<figure id=\"attachment_773\" aria-describedby=\"caption-attachment-773\" style=\"width: 300px\" class=\"wp-caption alignnone\"><img loading=\"lazy\" decoding=\"async\" class=\"size-medium wp-image-773\" src=\"https:\/\/ballesgolf.ch\/wp-content\/uploads\/2025\/02\/IMG_1724-300x225.jpg\" alt=\"V Plus\" width=\"300\" height=\"225\" title=\"\" srcset=\"https:\/\/ballesgolf.ch\/wp-content\/uploads\/2025\/02\/IMG_1724-300x225.jpg 300w, https:\/\/ballesgolf.ch\/wp-content\/uploads\/2025\/02\/IMG_1724-1024x768.jpg 1024w, https:\/\/ballesgolf.ch\/wp-content\/uploads\/2025\/02\/IMG_1724-768x576.jpg 768w, https:\/\/ballesgolf.ch\/wp-content\/uploads\/2025\/02\/IMG_1724-1536x1152.jpg 1536w, https:\/\/ballesgolf.ch\/wp-content\/uploads\/2025\/02\/IMG_1724-2048x1536.jpg 2048w, https:\/\/ballesgolf.ch\/wp-content\/uploads\/2025\/02\/IMG_1724-1200x900.jpg 1200w, https:\/\/ballesgolf.ch\/wp-content\/uploads\/2025\/02\/IMG_1724-400x300.jpg 400w\" sizes=\"auto, (max-width: 300px) 85vw, 300px\" \/><figcaption id=\"caption-attachment-773\" class=\"wp-caption-text\">V Plus<\/figcaption><\/figure>\n<h3 class=\"\" data-start=\"285\" data-end=\"346\">Balles de Golf V Plus \u2013 La Pr\u00e9cision \u00e0 Chaque Coup<\/h3>\n<p class=\"\" data-start=\"348\" data-end=\"620\"><strong data-start=\"348\" data-end=\"387\">D\u00e9couvrez les balles de golf V Plus<\/strong>, con\u00e7ues pour les golfeurs exigeants qui recherchent \u00e0 la fois <strong data-start=\"451\" data-end=\"487\">distance, contr\u00f4le et sensations<\/strong>. Que vous soyez un amateur passionn\u00e9 ou un joueur confirm\u00e9, les V Plus vous offrent une performance constante sur tous les parcours.<\/p>\n<hr class=\"\" data-start=\"622\" data-end=\"625\" \/>\n<h4 class=\"\" data-start=\"627\" data-end=\"661\">\u2705 <strong data-start=\"634\" data-end=\"661\">Caract\u00e9ristiques cl\u00e9s :<\/strong><\/h4>\n<ul data-start=\"663\" data-end=\"1177\">\n<li class=\"\" data-start=\"663\" data-end=\"776\">\n<p class=\"\" data-start=\"665\" data-end=\"776\"><strong data-start=\"665\" data-end=\"692\">Technologie multicouche<\/strong> : Pour un \u00e9quilibre parfait entre distance au drive et pr\u00e9cision autour du green.<\/p>\n<\/li>\n<li class=\"\" data-start=\"777\" data-end=\"875\">\n<p class=\"\" data-start=\"779\" data-end=\"875\"><strong data-start=\"779\" data-end=\"802\">Noyau haute \u00e9nergie<\/strong> : Maximisez la vitesse de balle sans sacrifier la sensation de frappe.<\/p>\n<\/li>\n<li class=\"\" data-start=\"876\" data-end=\"973\">\n<p class=\"\" data-start=\"878\" data-end=\"973\"><strong data-start=\"878\" data-end=\"911\">Enveloppe en ur\u00e9thane premium<\/strong> : Meilleur spin et contr\u00f4le sur les approches et les putts.<\/p>\n<\/li>\n<li class=\"\" data-start=\"974\" data-end=\"1080\">\n<p class=\"\" data-start=\"976\" data-end=\"1080\"><strong data-start=\"976\" data-end=\"1002\">A\u00e9rodynamisme optimis\u00e9<\/strong> : Trajectoire stable m\u00eame par vent fort, gr\u00e2ce \u00e0 un design de 332 alv\u00e9oles.<\/p>\n<\/li>\n<li class=\"\" data-start=\"1081\" data-end=\"1177\">\n<p class=\"\" data-start=\"1083\" data-end=\"1177\"><strong data-start=\"1083\" data-end=\"1107\">Durabilit\u00e9 renforc\u00e9e<\/strong> : Une balle qui garde ses performances, m\u00eame apr\u00e8s plusieurs parties.<\/p>\n<\/li>\n<\/ul>\n<hr class=\"\" data-start=\"1179\" data-end=\"1182\" \/>\n<h4 class=\"\" data-start=\"1184\" data-end=\"1217\">\ud83c\udfaf Pourquoi choisir V Plus ?<\/h4>\n<ul data-start=\"1219\" data-end=\"1441\">\n<li class=\"\" data-start=\"1219\" data-end=\"1277\">\n<p class=\"\" data-start=\"1221\" data-end=\"1277\"><strong data-start=\"1221\" data-end=\"1241\">Plus de distance<\/strong> au drive, gr\u00e2ce \u00e0 un noyau r\u00e9actif.<\/p>\n<\/li>\n<li class=\"\" data-start=\"1278\" data-end=\"1342\">\n<p class=\"\" data-start=\"1280\" data-end=\"1342\"><strong data-start=\"1280\" data-end=\"1300\">Plus de contr\u00f4le<\/strong> sur les coups d\u2019approche et le petit jeu.<\/p>\n<\/li>\n<li class=\"\" data-start=\"1343\" data-end=\"1400\">\n<p class=\"\" data-start=\"1345\" data-end=\"1400\"><strong data-start=\"1345\" data-end=\"1367\">Plus de sensations<\/strong> pour am\u00e9liorer votre r\u00e9gularit\u00e9.<\/p>\n<\/li>\n<li class=\"\" data-start=\"1401\" data-end=\"1441\">\n<p class=\"\" data-start=\"1403\" data-end=\"1441\"><strong data-start=\"1403\" data-end=\"1424\">Plus de confiance<\/strong>, \u00e0 chaque swing.<\/p>\n<\/li>\n<\/ul>\n","protected":false},"excerpt":{"rendered":"<p>Balles de Golf V Plus \u2013 La Pr\u00e9cision \u00e0 Chaque Coup D\u00e9couvrez les balles de golf V Plus, con\u00e7ues pour les golfeurs exigeants qui recherchent \u00e0 la fois distance, contr\u00f4le et sensations. Que vous soyez un amateur passionn\u00e9 ou un joueur confirm\u00e9, les V Plus vous offrent une performance constante sur tous les parcours. \u2705 &hellip; <a href=\"https:\/\/ballesgolf.ch\/index.php\/produit\/v-plus\/\" class=\"more-link\">Continuer la lecture<span class=\"screen-reader-text\"> de &laquo;&nbsp;V Plus&nbsp;&raquo;<\/span><\/a><\/p>\n","protected":false},"featured_media":773,"comment_status":"open","ping_status":"closed","template":"","meta":{"jetpack_post_was_ever_published":false,"jetpack_publicize_message":"","jetpack_publicize_feature_enabled":true,"jetpack_social_post_already_shared":true,"jetpack_social_options":{"image_generator_settings":{"template":"highway","default_image_id":0,"font":"","enabled":false},"version":2}},"product_brand":[],"product_cat":[15],"product_tag":[],"class_list":{"0":"post-775","1":"product","2":"type-product","3":"status-publish","4":"has-post-thumbnail","6":"product_cat-non-classe","8":"first","9":"instock","10":"shipping-taxable","11":"purchasable","12":"product-type-simple"},"jetpack_publicize_connections":[],"jetpack_sharing_enabled":true,"_links":{"self":[{"href":"https:\/\/ballesgolf.ch\/index.php\/wp-json\/wp\/v2\/product\/775","targetHints":{"allow":["GET"]}}],"collection":[{"href":"https:\/\/ballesgolf.ch\/index.php\/wp-json\/wp\/v2\/product"}],"about":[{"href":"https:\/\/ballesgolf.ch\/index.php\/wp-json\/wp\/v2\/types\/product"}],"replies":[{"embeddable":true,"href":"https:\/\/ballesgolf.ch\/index.php\/wp-json\/wp\/v2\/comments?post=775"}],"wp:featuredmedia":[{"embeddable":true,"href":"https:\/\/ballesgolf.ch\/index.php\/wp-json\/wp\/v2\/media\/773"}],"wp:attachment":[{"href":"https:\/\/ballesgolf.ch\/index.php\/wp-json\/wp\/v2\/media?parent=775"}],"wp:term":[{"taxonomy":"product_brand","embeddable":true,"href":"https:\/\/ballesgolf.ch\/index.php\/wp-json\/wp\/v2\/product_brand?post=775"},{"taxonomy":"product_cat","embeddable":true,"href":"https:\/\/ballesgolf.ch\/index.php\/wp-json\/wp\/v2\/product_cat?post=775"},{"taxonomy":"product_tag","embeddable":true,"href":"https:\/\/ballesgolf.ch\/index.php\/wp-json\/wp\/v2\/product_tag?post=775"}],"curies":[{"name":"wp","href":"https:\/\/api.w.org\/{rel}","templated":true}]}}