{"id":776,"date":"2025-02-28T12:33:46","date_gmt":"2025-02-28T11:33:46","guid":{"rendered":"https:\/\/ballesgolf.ch\/?post_type=product&#038;p=776"},"modified":"2025-11-17T22:19:33","modified_gmt":"2025-11-17T21:19:33","slug":"sugar","status":"publish","type":"product","link":"https:\/\/ballesgolf.ch\/index.php\/produit\/sugar\/","title":{"rendered":"Sugar"},"content":{"rendered":"<figure id=\"attachment_774\" aria-describedby=\"caption-attachment-774\" style=\"width: 300px\" class=\"wp-caption alignnone\"><img loading=\"lazy\" decoding=\"async\" class=\"size-medium wp-image-774\" src=\"https:\/\/ballesgolf.ch\/wp-content\/uploads\/2025\/02\/IMG_1723-300x225.jpg\" alt=\"Sugar\" width=\"300\" height=\"225\" title=\"\" srcset=\"https:\/\/ballesgolf.ch\/wp-content\/uploads\/2025\/02\/IMG_1723-300x225.jpg 300w, https:\/\/ballesgolf.ch\/wp-content\/uploads\/2025\/02\/IMG_1723-1024x768.jpg 1024w, https:\/\/ballesgolf.ch\/wp-content\/uploads\/2025\/02\/IMG_1723-768x576.jpg 768w, https:\/\/ballesgolf.ch\/wp-content\/uploads\/2025\/02\/IMG_1723-1536x1152.jpg 1536w, https:\/\/ballesgolf.ch\/wp-content\/uploads\/2025\/02\/IMG_1723-2048x1536.jpg 2048w, https:\/\/ballesgolf.ch\/wp-content\/uploads\/2025\/02\/IMG_1723-1200x900.jpg 1200w, https:\/\/ballesgolf.ch\/wp-content\/uploads\/2025\/02\/IMG_1723-400x300.jpg 400w\" sizes=\"auto, (max-width: 300px) 85vw, 300px\" \/><figcaption id=\"caption-attachment-774\" class=\"wp-caption-text\">Sugar<\/figcaption><\/figure>\n<h2>Balle Sugar<\/h2>\n<p>Pens\u00e9e pour les golfeurs exigeants, la balle Sugar offre une qualit\u00e9 tour-level sans compromis. 3 couches, un noyau haute \u00e9nergie, une coque en ur\u00e9thane pour un contr\u00f4le pr\u00e9cis autour des greens et une vitesse de balle explosive au drive.<\/p>\n<h3 class=\"\" data-start=\"653\" data-end=\"699\"><strong data-start=\"660\" data-end=\"699\">Pourquoi choisir les balles Sugar ?<\/strong><\/h3>\n<h4 class=\"\" data-start=\"701\" data-end=\"730\">\ud83d\udca5 <strong data-start=\"709\" data-end=\"730\">Distance maximale<\/strong><\/h4>\n<p class=\"\" data-start=\"731\" data-end=\"898\">Gr\u00e2ce \u00e0 leur noyau haute \u00e9nergie et leur design 3 pi\u00e8ces, les balles Sugar offrent une vitesse exceptionnelle d\u00e8s le tee, pour des drives plus longs et plus puissants.<\/p>\n<h4 class=\"\" data-start=\"900\" data-end=\"944\">\ud83c\udfaf <strong data-start=\"908\" data-end=\"944\">Contr\u00f4le optimal autour du green<\/strong><\/h4>\n<p class=\"\" data-start=\"945\" data-end=\"1095\">La couverture en ur\u00e9thane doux vous offre un toucher exceptionnel, id\u00e9al pour les approches pr\u00e9cises, les chips d\u00e9licats et les putts tout en finesse.<\/p>\n<h4 class=\"\" data-start=\"1097\" data-end=\"1135\">\ud83e\uddf1 <strong data-start=\"1105\" data-end=\"1135\">Durabilit\u00e9 impressionnante<\/strong><\/h4>\n<p class=\"\" data-start=\"1136\" data-end=\"1254\">Con\u00e7ues pour durer, les balles Sugar r\u00e9sistent \u00e0 l\u2019usure sans sacrifier la performance, m\u00eame apr\u00e8s plusieurs parcours.<\/p>\n<p><a href=\"https:\/\/ballesgolf.ch\/\">Retour \u00e0 la boutique<\/a><\/p>\n","protected":false},"excerpt":{"rendered":"<p>Balle Sugar Pens\u00e9e pour les golfeurs exigeants, la balle Sugar offre une qualit\u00e9 tour-level sans compromis. 3 couches, un noyau haute \u00e9nergie, une coque en ur\u00e9thane pour un contr\u00f4le pr\u00e9cis autour des greens et une vitesse de balle explosive au drive. Pourquoi choisir les balles Sugar ? \ud83d\udca5 Distance maximale Gr\u00e2ce \u00e0 leur noyau haute &hellip; <a href=\"https:\/\/ballesgolf.ch\/index.php\/produit\/sugar\/\" class=\"more-link\">Continuer la lecture<span class=\"screen-reader-text\"> de &laquo;&nbsp;Sugar&nbsp;&raquo;<\/span><\/a><\/p>\n","protected":false},"featured_media":774,"comment_status":"open","ping_status":"closed","template":"","meta":{"jetpack_post_was_ever_published":false,"jetpack_publicize_message":"","jetpack_publicize_feature_enabled":true,"jetpack_social_post_already_shared":true,"jetpack_social_options":{"image_generator_settings":{"template":"highway","default_image_id":0,"font":"","enabled":false},"version":2}},"product_brand":[],"product_cat":[15],"product_tag":[],"class_list":{"0":"post-776","1":"product","2":"type-product","3":"status-publish","4":"has-post-thumbnail","6":"product_cat-non-classe","8":"first","9":"instock","10":"shipping-taxable","11":"purchasable","12":"product-type-simple"},"jetpack_publicize_connections":[],"jetpack_sharing_enabled":true,"_links":{"self":[{"href":"https:\/\/ballesgolf.ch\/index.php\/wp-json\/wp\/v2\/product\/776","targetHints":{"allow":["GET"]}}],"collection":[{"href":"https:\/\/ballesgolf.ch\/index.php\/wp-json\/wp\/v2\/product"}],"about":[{"href":"https:\/\/ballesgolf.ch\/index.php\/wp-json\/wp\/v2\/types\/product"}],"replies":[{"embeddable":true,"href":"https:\/\/ballesgolf.ch\/index.php\/wp-json\/wp\/v2\/comments?post=776"}],"wp:featuredmedia":[{"embeddable":true,"href":"https:\/\/ballesgolf.ch\/index.php\/wp-json\/wp\/v2\/media\/774"}],"wp:attachment":[{"href":"https:\/\/ballesgolf.ch\/index.php\/wp-json\/wp\/v2\/media?parent=776"}],"wp:term":[{"taxonomy":"product_brand","embeddable":true,"href":"https:\/\/ballesgolf.ch\/index.php\/wp-json\/wp\/v2\/product_brand?post=776"},{"taxonomy":"product_cat","embeddable":true,"href":"https:\/\/ballesgolf.ch\/index.php\/wp-json\/wp\/v2\/product_cat?post=776"},{"taxonomy":"product_tag","embeddable":true,"href":"https:\/\/ballesgolf.ch\/index.php\/wp-json\/wp\/v2\/product_tag?post=776"}],"curies":[{"name":"wp","href":"https:\/\/api.w.org\/{rel}","templated":true}]}}