{"id":80,"date":"2019-03-08T13:44:47","date_gmt":"2019-03-08T12:44:47","guid":{"rendered":"http:\/\/ballesgolf.ch\/?post_type=product&#038;p=80"},"modified":"2026-03-23T17:27:03","modified_gmt":"2026-03-23T16:27:03","slug":"nike","status":"publish","type":"product","link":"https:\/\/ballesgolf.ch\/index.php\/produit\/nike\/","title":{"rendered":"Nike"},"content":{"rendered":"<p><img loading=\"lazy\" decoding=\"async\" class=\"alignnone size-medium wp-image-24\" src=\"http:\/\/ballesgolf.ch\/wp-content\/uploads\/2019\/02\/nike-287x300.jpg\" alt=\"\" width=\"287\" height=\"300\" title=\"\" srcset=\"https:\/\/ballesgolf.ch\/wp-content\/uploads\/2019\/02\/nike-287x300.jpg 287w, https:\/\/ballesgolf.ch\/wp-content\/uploads\/2019\/02\/nike-400x418.jpg 400w, https:\/\/ballesgolf.ch\/wp-content\/uploads\/2019\/02\/nike.jpg 640w\" sizes=\"auto, (max-width: 287px) 85vw, 287px\" \/><\/p>\n<p>Nike<\/p>\n<h2 data-start=\"152\" data-end=\"220\">\ud83c\udfcc\ufe0f\u200d\u2642\ufe0f <strong data-start=\"162\" data-end=\"220\">Balles de golf Nike \u2013 Performance, style et sensations<\/strong><\/h2>\n<p data-start=\"222\" data-end=\"657\">Les balles de golf <strong data-start=\"241\" data-end=\"282\"><span class=\"entity-underline hover:entity-accent inline cursor-pointer align-baseline\"><span class=\"whitespace-normal\">NikeGolf 20XI-X Distance High Player Number Golf Balls<\/span><\/span><\/strong> et autres mod\u00e8les Nike ont longtemps \u00e9t\u00e9 appr\u00e9ci\u00e9es par les golfeurs de tous niveaux, offrant un \u00e9quilibre entre distance, contr\u00f4le et toucher. M\u00eame si Nike ne fabrique plus de balles depuis plusieurs ann\u00e9es, leurs designs et performances restent recherch\u00e9s \u2014 que ce soit en neuf ancien stock ou en balles r\u00e9cup\u00e9r\u00e9es et reconditionn\u00e9es.<\/p>\n<hr data-start=\"659\" data-end=\"662\" \/>\n<h3 data-start=\"664\" data-end=\"708\">\ud83c\udfaf <strong data-start=\"671\" data-end=\"708\">Distance et trajectoire contr\u00f4l\u00e9e<\/strong><\/h3>\n<p data-start=\"710\" data-end=\"1032\">Certaines balles Nike sont con\u00e7ues pour maximiser la distance tout en conservant une trajectoire p\u00e9n\u00e9trante et stable. Des technologies de noyau avanc\u00e9es favorisent une <strong data-start=\"879\" data-end=\"925\">vitesse de balle \u00e9lev\u00e9e et un vol r\u00e9gulier<\/strong>, ce qui aide \u00e0 optimiser vos drives, m\u00eame sur les longues distances.<\/p>\n<hr data-start=\"1034\" data-end=\"1037\" \/>\n<h3 data-start=\"1039\" data-end=\"1078\">\ud83c\udfcc\ufe0f\u200d\u2640\ufe0f <strong data-start=\"1050\" data-end=\"1078\">Contr\u00f4le autour du green<\/strong><\/h3>\n<p data-start=\"1080\" data-end=\"1372\">Beaucoup de mod\u00e8les Nike offrent un <strong data-start=\"1116\" data-end=\"1182\">excellent contr\u00f4le sur les coups d\u2019approche et autour du green<\/strong>, gr\u00e2ce \u00e0 des rev\u00eatements qui am\u00e9liorent la rotation et la pr\u00e9cision des coups courts \u2014 vous permettant de vous arr\u00eater plus facilement pr\u00e8s du drapeau.<\/p>\n<hr data-start=\"1374\" data-end=\"1377\" \/>\n<h3 data-start=\"1379\" data-end=\"1410\">\ud83d\udca1 <strong data-start=\"1386\" data-end=\"1410\">Sensation et toucher<\/strong><\/h3>\n<p data-start=\"1412\" data-end=\"1701\">Les balles Nike sont r\u00e9put\u00e9es pour leur <strong data-start=\"1452\" data-end=\"1483\">sensation douce et r\u00e9active<\/strong> \u00e0 l\u2019impact, apportant un bon retour d\u2019information au joueur. Cette sensation contribue \u00e0 la confiance sur le parcours, que ce soit pour un drive puissant ou un petit coup d\u00e9licat.<\/p>\n<h2 data-start=\"2698\" data-end=\"2738\">\ud83d\udccc Pourquoi choisir des balles Nike ?<\/h2>\n<p data-start=\"2740\" data-end=\"3295\">\u2705 <strong data-start=\"2742\" data-end=\"2780\">Confiance et performance \u00e9prouv\u00e9es<\/strong> \u2013 Nike a d\u00e9velopp\u00e9 des balles avec une bonne combinaison de distance, contr\u00f4le et toucher. <br data-start=\"2911\" data-end=\"2914\" \/>\u2705 <strong data-start=\"2916\" data-end=\"2938\">Vari\u00e9t\u00e9 de mod\u00e8les<\/strong> \u2013 De balles ax\u00e9es distance \u00e0 des options polyvalentes ou soft, il y a un mod\u00e8le pour chaque style de jeu. <br data-start=\"3084\" data-end=\"3087\" \/>\u2705 <strong data-start=\"3089\" data-end=\"3121\">Valorisation de l\u2019\u00e9quipement<\/strong> \u2013 M\u00eame si elles ne sont plus produites, les balles Nike restent pris\u00e9es par les amateurs de golf nostalgique ou par ceux qui veulent un bon \u00e9quipement \u00e0 prix souvent r\u00e9duit.<\/p>\n","protected":false},"excerpt":{"rendered":"<p>Nike \ud83c\udfcc\ufe0f\u200d\u2642\ufe0f Balles de golf Nike \u2013 Performance, style et sensations Les balles de golf NikeGolf 20XI-X Distance High Player Number Golf Balls et autres mod\u00e8les Nike ont longtemps \u00e9t\u00e9 appr\u00e9ci\u00e9es par les golfeurs de tous niveaux, offrant un \u00e9quilibre entre distance, contr\u00f4le et toucher. M\u00eame si Nike ne fabrique plus de balles depuis plusieurs &hellip; <a href=\"https:\/\/ballesgolf.ch\/index.php\/produit\/nike\/\" class=\"more-link\">Continuer la lecture<span class=\"screen-reader-text\"> de &laquo;&nbsp;Nike&nbsp;&raquo;<\/span><\/a><\/p>\n","protected":false},"featured_media":24,"comment_status":"open","ping_status":"closed","template":"","meta":{"jetpack_post_was_ever_published":false,"jetpack_publicize_message":"","jetpack_publicize_feature_enabled":true,"jetpack_social_post_already_shared":true,"jetpack_social_options":{"image_generator_settings":{"template":"highway","default_image_id":0,"font":"","enabled":false},"version":2}},"product_brand":[],"product_cat":[33],"product_tag":[],"class_list":{"0":"post-80","1":"product","2":"type-product","3":"status-publish","4":"has-post-thumbnail","6":"product_cat-nike","8":"first","9":"instock","10":"shipping-taxable","11":"purchasable","12":"product-type-simple"},"jetpack_publicize_connections":[],"jetpack_sharing_enabled":true,"_links":{"self":[{"href":"https:\/\/ballesgolf.ch\/index.php\/wp-json\/wp\/v2\/product\/80","targetHints":{"allow":["GET"]}}],"collection":[{"href":"https:\/\/ballesgolf.ch\/index.php\/wp-json\/wp\/v2\/product"}],"about":[{"href":"https:\/\/ballesgolf.ch\/index.php\/wp-json\/wp\/v2\/types\/product"}],"replies":[{"embeddable":true,"href":"https:\/\/ballesgolf.ch\/index.php\/wp-json\/wp\/v2\/comments?post=80"}],"wp:featuredmedia":[{"embeddable":true,"href":"https:\/\/ballesgolf.ch\/index.php\/wp-json\/wp\/v2\/media\/24"}],"wp:attachment":[{"href":"https:\/\/ballesgolf.ch\/index.php\/wp-json\/wp\/v2\/media?parent=80"}],"wp:term":[{"taxonomy":"product_brand","embeddable":true,"href":"https:\/\/ballesgolf.ch\/index.php\/wp-json\/wp\/v2\/product_brand?post=80"},{"taxonomy":"product_cat","embeddable":true,"href":"https:\/\/ballesgolf.ch\/index.php\/wp-json\/wp\/v2\/product_cat?post=80"},{"taxonomy":"product_tag","embeddable":true,"href":"https:\/\/ballesgolf.ch\/index.php\/wp-json\/wp\/v2\/product_tag?post=80"}],"curies":[{"name":"wp","href":"https:\/\/api.w.org\/{rel}","templated":true}]}}