{"id":812,"date":"2025-04-14T11:46:43","date_gmt":"2025-04-14T09:46:43","guid":{"rendered":"https:\/\/ballesgolf.ch\/?post_type=product&#038;p=812"},"modified":"2026-03-05T11:56:19","modified_gmt":"2026-03-05T10:56:19","slug":"callaway-chrome","status":"publish","type":"product","link":"https:\/\/ballesgolf.ch\/index.php\/produit\/callaway-chrome\/","title":{"rendered":"Callaway chrome"},"content":{"rendered":"<figure id=\"attachment_813\" aria-describedby=\"caption-attachment-813\" style=\"width: 300px\" class=\"wp-caption alignnone\"><img loading=\"lazy\" decoding=\"async\" class=\"size-medium wp-image-813\" src=\"https:\/\/ballesgolf.ch\/wp-content\/uploads\/2025\/04\/IMG_1725-300x225.jpg\" alt=\"callaway chrome soft\" width=\"300\" height=\"225\" title=\"\" srcset=\"https:\/\/ballesgolf.ch\/wp-content\/uploads\/2025\/04\/IMG_1725-300x225.jpg 300w, https:\/\/ballesgolf.ch\/wp-content\/uploads\/2025\/04\/IMG_1725-1024x768.jpg 1024w, https:\/\/ballesgolf.ch\/wp-content\/uploads\/2025\/04\/IMG_1725-768x576.jpg 768w, https:\/\/ballesgolf.ch\/wp-content\/uploads\/2025\/04\/IMG_1725-1536x1152.jpg 1536w, https:\/\/ballesgolf.ch\/wp-content\/uploads\/2025\/04\/IMG_1725-2048x1536.jpg 2048w, https:\/\/ballesgolf.ch\/wp-content\/uploads\/2025\/04\/IMG_1725-1200x900.jpg 1200w, https:\/\/ballesgolf.ch\/wp-content\/uploads\/2025\/04\/IMG_1725-400x300.jpg 400w\" sizes=\"auto, (max-width: 300px) 85vw, 300px\" \/><figcaption id=\"caption-attachment-813\" class=\"wp-caption-text\">callaway chrome<\/figcaption><\/figure>\n<h3 class=\"\" data-start=\"149\" data-end=\"206\"><strong data-start=\"153\" data-end=\"206\">Callaway Chrome : L&rsquo;Excellence \u00e0 Chaque Coup<\/strong><\/h3>\n<p class=\"\" data-start=\"208\" data-end=\"485\">La <strong data-start=\"211\" data-end=\"235\">Callaway Chrome <\/strong>est bien plus qu\u2019une simple balle de golf, c\u2019est une v\u00e9ritable r\u00e9volution dans le monde du golf. Con\u00e7ue pour offrir des performances exceptionnelles \u00e0 tous les golfeurs, elle allie <strong data-start=\"417\" data-end=\"429\">distance<\/strong>, <strong data-start=\"431\" data-end=\"444\">pr\u00e9cision<\/strong> et <strong data-start=\"448\" data-end=\"460\">contr\u00f4le<\/strong> comme jamais auparavant.<\/p>\n<h3 class=\"\" data-start=\"492\" data-end=\"530\"><strong data-start=\"496\" data-end=\"530\">Caract\u00e9ristiques principales :<\/strong><\/h3>\n<ol data-start=\"532\" data-end=\"1862\">\n<li class=\"\" data-start=\"532\" data-end=\"844\">\n<p class=\"\" data-start=\"535\" data-end=\"844\"><strong data-start=\"535\" data-end=\"568\">Technologie de noyau optimis\u00e9<\/strong> :<br data-start=\"570\" data-end=\"573\" \/>Le noyau de la Chrome Soft est constitu\u00e9 d&rsquo;une <strong data-start=\"623\" data-end=\"655\">technologie Graphene-infused<\/strong> qui am\u00e9liore la vitesse et la distance tout en pr\u00e9servant la douceur au contact. Ce noyau, \u00e0 la fois l\u00e9ger et performant, permet d\u2019obtenir une trajectoire plus stable et un effet optimis\u00e9.<\/p>\n<\/li>\n<li class=\"\" data-start=\"846\" data-end=\"1186\">\n<p class=\"\" data-start=\"849\" data-end=\"1186\"><strong data-start=\"849\" data-end=\"880\">Couvrir d&rsquo;ur\u00e9thane SoftFast<\/strong> :<br data-start=\"882\" data-end=\"885\" \/>Gr\u00e2ce \u00e0 son <strong data-start=\"900\" data-end=\"926\">rev\u00eatement en ur\u00e9thane<\/strong>, la Chrome vous offre un <strong data-start=\"957\" data-end=\"997\">contr\u00f4le sup\u00e9rieur autour des greens<\/strong> et une sensation de douceur au contact. Les golfeurs appr\u00e9cieront la possibilit\u00e9 d&rsquo;ajuster la trajectoire de leur balle avec une grande pr\u00e9cision, en particulier lors des coups d&rsquo;approche.<\/p>\n<\/li>\n<li class=\"\" data-start=\"1188\" data-end=\"1527\">\n<p class=\"\" data-start=\"1191\" data-end=\"1527\"><strong data-start=\"1191\" data-end=\"1224\">Vitesse et Distance Maximales<\/strong> :<br data-start=\"1226\" data-end=\"1229\" \/>La <strong data-start=\"1235\" data-end=\"1262\">technologie Dual Mantle<\/strong> maximise la vitesse de la balle tout en optimisant l\u2019effet sur les coups de fer et les putts. R\u00e9sultat : plus de distance et moins de spin ind\u00e9sirable. La Chrome est id\u00e9ale pour les golfeurs \u00e0 la recherche d\u2019un maximum de performance tout au long du parcours.<\/p>\n<\/li>\n<li class=\"\" data-start=\"1529\" data-end=\"1862\">\n<p class=\"\" data-start=\"1532\" data-end=\"1862\"><strong data-start=\"1532\" data-end=\"1571\">Am\u00e9lioration de la stabilit\u00e9 du vol<\/strong> :<br data-start=\"1573\" data-end=\"1576\" \/>Son <strong data-start=\"1583\" data-end=\"1607\">design a\u00e9rodynamique<\/strong> avec <strong data-start=\"1613\" data-end=\"1645\">une construction \u00e0 4 couches<\/strong> permet de r\u00e9duire la r\u00e9sistance \u00e0 l\u2019air, ce qui garantit des trajectoires plus stables m\u00eame sous des conditions m\u00e9t\u00e9orologiques difficiles. Chaque coup, qu\u2019il soit au driver ou avec un fer, a un vol pr\u00e9cis et stable.<\/p>\n<\/li>\n<\/ol>\n","protected":false},"excerpt":{"rendered":"<p>Callaway Chrome : L&rsquo;Excellence \u00e0 Chaque Coup La Callaway Chrome est bien plus qu\u2019une simple balle de golf, c\u2019est une v\u00e9ritable r\u00e9volution dans le monde du golf. Con\u00e7ue pour offrir des performances exceptionnelles \u00e0 tous les golfeurs, elle allie distance, pr\u00e9cision et contr\u00f4le comme jamais auparavant. Caract\u00e9ristiques principales : Technologie de noyau optimis\u00e9 :Le noyau &hellip; <a href=\"https:\/\/ballesgolf.ch\/index.php\/produit\/callaway-chrome\/\" class=\"more-link\">Continuer la lecture<span class=\"screen-reader-text\"> de &laquo;&nbsp;Callaway chrome&nbsp;&raquo;<\/span><\/a><\/p>\n","protected":false},"featured_media":813,"comment_status":"open","ping_status":"closed","template":"","meta":{"jetpack_post_was_ever_published":false,"jetpack_publicize_message":"","jetpack_publicize_feature_enabled":true,"jetpack_social_post_already_shared":true,"jetpack_social_options":{"image_generator_settings":{"template":"highway","default_image_id":0,"font":"","enabled":false},"version":2}},"product_brand":[],"product_cat":[31],"product_tag":[],"class_list":{"0":"post-812","1":"product","2":"type-product","3":"status-publish","4":"has-post-thumbnail","6":"product_cat-callaway","8":"first","9":"instock","10":"shipping-taxable","11":"purchasable","12":"product-type-simple"},"jetpack_publicize_connections":[],"jetpack_sharing_enabled":true,"_links":{"self":[{"href":"https:\/\/ballesgolf.ch\/index.php\/wp-json\/wp\/v2\/product\/812","targetHints":{"allow":["GET"]}}],"collection":[{"href":"https:\/\/ballesgolf.ch\/index.php\/wp-json\/wp\/v2\/product"}],"about":[{"href":"https:\/\/ballesgolf.ch\/index.php\/wp-json\/wp\/v2\/types\/product"}],"replies":[{"embeddable":true,"href":"https:\/\/ballesgolf.ch\/index.php\/wp-json\/wp\/v2\/comments?post=812"}],"wp:featuredmedia":[{"embeddable":true,"href":"https:\/\/ballesgolf.ch\/index.php\/wp-json\/wp\/v2\/media\/813"}],"wp:attachment":[{"href":"https:\/\/ballesgolf.ch\/index.php\/wp-json\/wp\/v2\/media?parent=812"}],"wp:term":[{"taxonomy":"product_brand","embeddable":true,"href":"https:\/\/ballesgolf.ch\/index.php\/wp-json\/wp\/v2\/product_brand?post=812"},{"taxonomy":"product_cat","embeddable":true,"href":"https:\/\/ballesgolf.ch\/index.php\/wp-json\/wp\/v2\/product_cat?post=812"},{"taxonomy":"product_tag","embeddable":true,"href":"https:\/\/ballesgolf.ch\/index.php\/wp-json\/wp\/v2\/product_tag?post=812"}],"curies":[{"name":"wp","href":"https:\/\/api.w.org\/{rel}","templated":true}]}}