{"id":876,"date":"2025-08-27T16:10:50","date_gmt":"2025-08-27T14:10:50","guid":{"rendered":"https:\/\/ballesgolf.ch\/?post_type=product&#038;p=876"},"modified":"2025-09-01T09:42:24","modified_gmt":"2025-09-01T07:42:24","slug":"bridgestone-orange","status":"publish","type":"product","link":"https:\/\/ballesgolf.ch\/index.php\/produit\/bridgestone-orange\/","title":{"rendered":"Bridgestone orange"},"content":{"rendered":"<figure id=\"attachment_869\" aria-describedby=\"caption-attachment-869\" style=\"width: 300px\" class=\"wp-caption alignnone\"><img loading=\"lazy\" decoding=\"async\" class=\"size-medium wp-image-869\" src=\"https:\/\/ballesgolf.ch\/wp-content\/uploads\/2025\/08\/IMG_1756-300x225.jpg\" alt=\"Bridgestone orange\" width=\"300\" height=\"225\" title=\"\" srcset=\"https:\/\/ballesgolf.ch\/wp-content\/uploads\/2025\/08\/IMG_1756-300x225.jpg 300w, https:\/\/ballesgolf.ch\/wp-content\/uploads\/2025\/08\/IMG_1756-1024x768.jpg 1024w, https:\/\/ballesgolf.ch\/wp-content\/uploads\/2025\/08\/IMG_1756-768x576.jpg 768w, https:\/\/ballesgolf.ch\/wp-content\/uploads\/2025\/08\/IMG_1756-1536x1152.jpg 1536w, https:\/\/ballesgolf.ch\/wp-content\/uploads\/2025\/08\/IMG_1756-2048x1536.jpg 2048w, https:\/\/ballesgolf.ch\/wp-content\/uploads\/2025\/08\/IMG_1756-1200x900.jpg 1200w, https:\/\/ballesgolf.ch\/wp-content\/uploads\/2025\/08\/IMG_1756-400x300.jpg 400w\" sizes=\"auto, (max-width: 300px) 85vw, 300px\" \/><figcaption id=\"caption-attachment-869\" class=\"wp-caption-text\">Bridgestone orange<\/figcaption><\/figure>\n<p>La <strong>balle de golf Bridgestone orange<\/strong> est une balle de golf de qualit\u00e9 sup\u00e9rieure, con\u00e7ue pour offrir des performances optimales sur le terrain. Voici une description plus d\u00e9taill\u00e9e :<\/p>\n<ol>\n<li><strong>Couleur<\/strong> : Orange vif, offrant une excellente visibilit\u00e9, particuli\u00e8rement dans des conditions de faible luminosit\u00e9 ou sur des parcours d&rsquo;automne o\u00f9 les couleurs des feuilles peuvent rendre la balle plus difficile \u00e0 rep\u00e9rer.<\/li>\n<li><strong>Technologie<\/strong> : La balle de golf Bridgestone orange int\u00e8gre des technologies avanc\u00e9es pour maximiser la distance, la pr\u00e9cision et le contr\u00f4le. Cela inclut des noyaux multicouches qui assurent un meilleur rebond et une compression optimale en fonction de la vitesse du swing.<\/li>\n<li><strong>Surface<\/strong> : La surface est souvent \u00e9quip\u00e9e de <strong>dimples<\/strong> (petites indentations) qui am\u00e9liorent la portance et le contr\u00f4le de la balle. Elles favorisent \u00e9galement un meilleur vol, r\u00e9duisant la r\u00e9sistance \u00e0 l&rsquo;air pour des distances plus longues.<\/li>\n<li><strong>Caract\u00e9ristiques de jeu<\/strong> :\n<ul>\n<li><strong>Distance<\/strong> : Gr\u00e2ce \u00e0 son noyau r\u00e9actif, cette balle offre des distances accrues, id\u00e9ale pour les golfeurs \u00e0 la recherche de puissance.<\/li>\n<li><strong>Contr\u00f4le<\/strong> : La couche ext\u00e9rieure permet un bon contr\u00f4le autour des greens, utile pour les approches et les putts.<\/li>\n<li><strong>Durabilit\u00e9<\/strong> : Elle est con\u00e7ue pour r\u00e9sister aux impacts r\u00e9p\u00e9titifs tout en maintenant ses performances.<\/li>\n<\/ul>\n<\/li>\n<li><strong>Public cible<\/strong> : Adapt\u00e9e \u00e0 des golfeurs de tous niveaux, la balle orange de Bridgestone est particuli\u00e8rement populaire parmi les joueurs qui cherchent une balle bien visible sans compromettre la performance.<\/li>\n<\/ol>\n<p>En r\u00e9sum\u00e9, la balle de golf Bridgestone orange combine visibilit\u00e9 et haute performance, id\u00e9ale pour les joueurs qui veulent am\u00e9liorer leur jeu tout en restant visibles sur le parcours.<\/p>\n","protected":false},"excerpt":{"rendered":"<p>La balle de golf Bridgestone orange est une balle de golf de qualit\u00e9 sup\u00e9rieure, con\u00e7ue pour offrir des performances optimales sur le terrain. Voici une description plus d\u00e9taill\u00e9e : Couleur : Orange vif, offrant une excellente visibilit\u00e9, particuli\u00e8rement dans des conditions de faible luminosit\u00e9 ou sur des parcours d&rsquo;automne o\u00f9 les couleurs des feuilles peuvent &hellip; <a href=\"https:\/\/ballesgolf.ch\/index.php\/produit\/bridgestone-orange\/\" class=\"more-link\">Continuer la lecture<span class=\"screen-reader-text\"> de &laquo;&nbsp;Bridgestone orange&nbsp;&raquo;<\/span><\/a><\/p>\n","protected":false},"featured_media":869,"comment_status":"open","ping_status":"closed","template":"","meta":{"jetpack_post_was_ever_published":false,"jetpack_publicize_message":"","jetpack_publicize_feature_enabled":true,"jetpack_social_post_already_shared":true,"jetpack_social_options":{"image_generator_settings":{"template":"highway","default_image_id":0,"font":"","enabled":false},"version":2}},"product_brand":[],"product_cat":[15],"product_tag":[],"class_list":{"0":"post-876","1":"product","2":"type-product","3":"status-publish","4":"has-post-thumbnail","6":"product_cat-non-classe","8":"first","9":"instock","10":"shipping-taxable","11":"purchasable","12":"product-type-simple"},"jetpack_publicize_connections":[],"jetpack_sharing_enabled":true,"_links":{"self":[{"href":"https:\/\/ballesgolf.ch\/index.php\/wp-json\/wp\/v2\/product\/876","targetHints":{"allow":["GET"]}}],"collection":[{"href":"https:\/\/ballesgolf.ch\/index.php\/wp-json\/wp\/v2\/product"}],"about":[{"href":"https:\/\/ballesgolf.ch\/index.php\/wp-json\/wp\/v2\/types\/product"}],"replies":[{"embeddable":true,"href":"https:\/\/ballesgolf.ch\/index.php\/wp-json\/wp\/v2\/comments?post=876"}],"wp:featuredmedia":[{"embeddable":true,"href":"https:\/\/ballesgolf.ch\/index.php\/wp-json\/wp\/v2\/media\/869"}],"wp:attachment":[{"href":"https:\/\/ballesgolf.ch\/index.php\/wp-json\/wp\/v2\/media?parent=876"}],"wp:term":[{"taxonomy":"product_brand","embeddable":true,"href":"https:\/\/ballesgolf.ch\/index.php\/wp-json\/wp\/v2\/product_brand?post=876"},{"taxonomy":"product_cat","embeddable":true,"href":"https:\/\/ballesgolf.ch\/index.php\/wp-json\/wp\/v2\/product_cat?post=876"},{"taxonomy":"product_tag","embeddable":true,"href":"https:\/\/ballesgolf.ch\/index.php\/wp-json\/wp\/v2\/product_tag?post=876"}],"curies":[{"name":"wp","href":"https:\/\/api.w.org\/{rel}","templated":true}]}}