{"id":877,"date":"2025-08-27T16:11:58","date_gmt":"2025-08-27T14:11:58","guid":{"rendered":"https:\/\/ballesgolf.ch\/?post_type=product&#038;p=877"},"modified":"2026-03-13T17:01:59","modified_gmt":"2026-03-13T16:01:59","slug":"wilson-dx2","status":"publish","type":"product","link":"https:\/\/ballesgolf.ch\/index.php\/produit\/wilson-dx2\/","title":{"rendered":"Wilson Dx2"},"content":{"rendered":"<figure id=\"attachment_868\" aria-describedby=\"caption-attachment-868\" style=\"width: 300px\" class=\"wp-caption alignnone\"><img loading=\"lazy\" decoding=\"async\" class=\"size-medium wp-image-868\" src=\"https:\/\/ballesgolf.ch\/wp-content\/uploads\/2025\/08\/IMG_1757-300x225.jpg\" alt=\"Wilson Dx2\" width=\"300\" height=\"225\" title=\"\" srcset=\"https:\/\/ballesgolf.ch\/wp-content\/uploads\/2025\/08\/IMG_1757-300x225.jpg 300w, https:\/\/ballesgolf.ch\/wp-content\/uploads\/2025\/08\/IMG_1757-1024x768.jpg 1024w, https:\/\/ballesgolf.ch\/wp-content\/uploads\/2025\/08\/IMG_1757-768x576.jpg 768w, https:\/\/ballesgolf.ch\/wp-content\/uploads\/2025\/08\/IMG_1757-1536x1152.jpg 1536w, https:\/\/ballesgolf.ch\/wp-content\/uploads\/2025\/08\/IMG_1757-2048x1536.jpg 2048w, https:\/\/ballesgolf.ch\/wp-content\/uploads\/2025\/08\/IMG_1757-1200x900.jpg 1200w, https:\/\/ballesgolf.ch\/wp-content\/uploads\/2025\/08\/IMG_1757-400x300.jpg 400w\" sizes=\"auto, (max-width: 300px) 85vw, 300px\" \/><figcaption id=\"caption-attachment-868\" class=\"wp-caption-text\">Wilson Dx2<\/figcaption><\/figure>\n<p>La <strong>balle de golf Wilson Dx2<\/strong> est con\u00e7ue pour offrir un excellent compromis entre distance, contr\u00f4le et confort. Elle est particuli\u00e8rement adapt\u00e9e aux golfeurs \u00e0 la recherche de performance, tout en \u00e9tant accessible \u00e0 une large gamme de niveaux de jeu. Voici une description d\u00e9taill\u00e9e de cette balle :<\/p>\n<h3>Caract\u00e9ristiques principales :<\/h3>\n<ul>\n<li><strong>Technologie de noyau<\/strong> : Le noyau de la Wilson Dx2 est con\u00e7u pour optimiser la vitesse de balle et offrir une distance accrue. Il est \u00e9galement plus doux que celui des balles traditionnelles, ce qui permet un meilleur confort lors de l&rsquo;impact.<\/li>\n<li><strong>Couche ext\u00e9rieure<\/strong> : La couverture de la balle est en <strong>ionom\u00e8re<\/strong>, un mat\u00e9riau durable qui aide \u00e0 am\u00e9liorer la durabilit\u00e9 tout en offrant un bon contr\u00f4le autour du green.<\/li>\n<li><strong>Comportement sur le green<\/strong> : Bien que la balle soit con\u00e7ue pour la distance, elle offre \u00e9galement un contr\u00f4le suffisant sur les coups courts, ce qui permet une meilleure gestion des approches et des putts.<\/li>\n<li><strong>Technologie de compression<\/strong> : La compression de la balle est relativement faible, ce qui signifie qu&rsquo;elle est plus douce et g\u00e9n\u00e8re moins de vibrations \u00e0 l&rsquo;impact, ce qui peut aider les joueurs \u00e0 mieux contr\u00f4ler leurs coups.<\/li>\n<\/ul>\n<h3>Avantages :<\/h3>\n<ol>\n<li><strong>Distance<\/strong> : L&rsquo;un des principaux atouts de la Wilson Dx2 est sa capacit\u00e9 \u00e0 g\u00e9n\u00e9rer plus de distance, m\u00eame sur des coups avec des drivers \u00e0 faible vitesse.<\/li>\n<li><strong>Confort<\/strong> : Le noyau plus doux r\u00e9duit les vibrations, ce qui donne un ressenti agr\u00e9able au joueur.<\/li>\n<li><strong>Durabilit\u00e9<\/strong> : Sa construction ionom\u00e8re assure une bonne r\u00e9sistance \u00e0 l&rsquo;usure, ce qui la rend plus durable que d&rsquo;autres balles dans cette gamme.<\/li>\n<li><strong>Performance<\/strong> : La balle permet un bon \u00e9quilibre entre puissance et contr\u00f4le, adapt\u00e9e aux joueurs qui recherchent une balle fiable \u00e0 un prix raisonnable.<\/li>\n<\/ol>\n<h3>Conclusion :<\/h3>\n<p>La <strong>Wilson Dx2<\/strong> est id\u00e9ale pour les golfeurs qui recherchent une balle alliant <strong>distance<\/strong>, <strong>confort<\/strong> et <strong>durabilit\u00e9<\/strong>, sans sacrifier le contr\u00f4le autour des greens. Elle conviendra particuli\u00e8rement aux joueurs ayant une vitesse de swing mod\u00e9r\u00e9e \u00e0 faible, cherchant \u00e0 am\u00e9liorer leur jeu sans pour autant opter pour des balles trop techniques ou ch\u00e8res.<\/p>\n","protected":false},"excerpt":{"rendered":"<p>La balle de golf Wilson Dx2 est con\u00e7ue pour offrir un excellent compromis entre distance, contr\u00f4le et confort. Elle est particuli\u00e8rement adapt\u00e9e aux golfeurs \u00e0 la recherche de performance, tout en \u00e9tant accessible \u00e0 une large gamme de niveaux de jeu. Voici une description d\u00e9taill\u00e9e de cette balle : Caract\u00e9ristiques principales : Technologie de noyau &hellip; <a href=\"https:\/\/ballesgolf.ch\/index.php\/produit\/wilson-dx2\/\" class=\"more-link\">Continuer la lecture<span class=\"screen-reader-text\"> de &laquo;&nbsp;Wilson Dx2&nbsp;&raquo;<\/span><\/a><\/p>\n","protected":false},"featured_media":868,"comment_status":"open","ping_status":"closed","template":"","meta":{"jetpack_post_was_ever_published":false,"jetpack_publicize_message":"","jetpack_publicize_feature_enabled":true,"jetpack_social_post_already_shared":true,"jetpack_social_options":{"image_generator_settings":{"template":"highway","default_image_id":0,"font":"","enabled":false},"version":2}},"product_brand":[],"product_cat":[15],"product_tag":[],"class_list":{"0":"post-877","1":"product","2":"type-product","3":"status-publish","4":"has-post-thumbnail","6":"product_cat-non-classe","8":"first","9":"instock","10":"shipping-taxable","11":"purchasable","12":"product-type-simple"},"jetpack_publicize_connections":[],"jetpack_sharing_enabled":true,"_links":{"self":[{"href":"https:\/\/ballesgolf.ch\/index.php\/wp-json\/wp\/v2\/product\/877","targetHints":{"allow":["GET"]}}],"collection":[{"href":"https:\/\/ballesgolf.ch\/index.php\/wp-json\/wp\/v2\/product"}],"about":[{"href":"https:\/\/ballesgolf.ch\/index.php\/wp-json\/wp\/v2\/types\/product"}],"replies":[{"embeddable":true,"href":"https:\/\/ballesgolf.ch\/index.php\/wp-json\/wp\/v2\/comments?post=877"}],"wp:featuredmedia":[{"embeddable":true,"href":"https:\/\/ballesgolf.ch\/index.php\/wp-json\/wp\/v2\/media\/868"}],"wp:attachment":[{"href":"https:\/\/ballesgolf.ch\/index.php\/wp-json\/wp\/v2\/media?parent=877"}],"wp:term":[{"taxonomy":"product_brand","embeddable":true,"href":"https:\/\/ballesgolf.ch\/index.php\/wp-json\/wp\/v2\/product_brand?post=877"},{"taxonomy":"product_cat","embeddable":true,"href":"https:\/\/ballesgolf.ch\/index.php\/wp-json\/wp\/v2\/product_cat?post=877"},{"taxonomy":"product_tag","embeddable":true,"href":"https:\/\/ballesgolf.ch\/index.php\/wp-json\/wp\/v2\/product_tag?post=877"}],"curies":[{"name":"wp","href":"https:\/\/api.w.org\/{rel}","templated":true}]}}