{"id":900,"date":"2025-10-07T09:23:16","date_gmt":"2025-10-07T07:23:16","guid":{"rendered":"https:\/\/ballesgolf.ch\/?post_type=product&#038;p=900"},"modified":"2026-05-02T13:39:45","modified_gmt":"2026-05-02T11:39:45","slug":"srixon-z-star","status":"publish","type":"product","link":"https:\/\/ballesgolf.ch\/index.php\/produit\/srixon-z-star\/","title":{"rendered":"Srixon Z-Star"},"content":{"rendered":"<figure id=\"attachment_898\" aria-describedby=\"caption-attachment-898\" style=\"width: 300px\" class=\"wp-caption alignnone\"><img loading=\"lazy\" decoding=\"async\" class=\"size-medium wp-image-898\" src=\"https:\/\/ballesgolf.ch\/wp-content\/uploads\/2025\/10\/IMG_1779-300x225.jpg\" alt=\"Srixon Z-Star\" width=\"300\" height=\"225\" title=\"\" srcset=\"https:\/\/ballesgolf.ch\/wp-content\/uploads\/2025\/10\/IMG_1779-300x225.jpg 300w, https:\/\/ballesgolf.ch\/wp-content\/uploads\/2025\/10\/IMG_1779-1024x768.jpg 1024w, https:\/\/ballesgolf.ch\/wp-content\/uploads\/2025\/10\/IMG_1779-768x576.jpg 768w, https:\/\/ballesgolf.ch\/wp-content\/uploads\/2025\/10\/IMG_1779-1536x1152.jpg 1536w, https:\/\/ballesgolf.ch\/wp-content\/uploads\/2025\/10\/IMG_1779-2048x1536.jpg 2048w, https:\/\/ballesgolf.ch\/wp-content\/uploads\/2025\/10\/IMG_1779-1200x900.jpg 1200w, https:\/\/ballesgolf.ch\/wp-content\/uploads\/2025\/10\/IMG_1779-400x300.jpg 400w\" sizes=\"auto, (max-width: 300px) 85vw, 300px\" \/><figcaption id=\"caption-attachment-898\" class=\"wp-caption-text\">Srixon Z-Star<\/figcaption><\/figure>\n<h3 data-start=\"328\" data-end=\"363\"><strong data-start=\"332\" data-end=\"363\">Balle de Golf Srixon Z-Star<\/strong><\/h3>\n<p data-start=\"365\" data-end=\"393\"><strong data-start=\"365\" data-end=\"393\">Description du produit :<\/strong><\/p>\n<p data-start=\"395\" data-end=\"836\">La <strong data-start=\"398\" data-end=\"415\">Srixon Z-Star<\/strong> est la balle de golf de pr\u00e9dilection pour les golfeurs en qu\u00eate de performance, de contr\u00f4le et de distance. Con\u00e7ue pour les joueurs de niveau interm\u00e9diaire \u00e0 avanc\u00e9, elle combine une technologie de pointe avec une sensation de jeu unique. Parfaite pour ceux qui veulent maximiser leur performance sur le parcours, la Srixon Z-Star vous offre une grande pr\u00e9cision sur chaque coup et un excellent contr\u00f4le autour du green.<\/p>\n<hr data-start=\"838\" data-end=\"841\" \/>\n<h3 data-start=\"843\" data-end=\"869\"><strong data-start=\"847\" data-end=\"869\">Caract\u00e9ristiques :<\/strong><\/h3>\n<ul data-start=\"871\" data-end=\"1722\">\n<li data-start=\"871\" data-end=\"1117\">\n<p data-start=\"873\" data-end=\"1117\"><strong data-start=\"873\" data-end=\"909\">Technologie Spin Skin\u2122 avec SeRM<\/strong> : Gr\u00e2ce \u00e0 un rev\u00eatement unique en \u00e9lastom\u00e8re, cette balle maximise la friction entre le club et la balle pour des effets sup\u00e9rieurs, offrant ainsi un contr\u00f4le accru sur les approches et les coups d&rsquo;approche.<\/p>\n<\/li>\n<li data-start=\"1119\" data-end=\"1316\">\n<p data-start=\"1121\" data-end=\"1316\"><strong data-start=\"1121\" data-end=\"1156\">Couche ext\u00e9rieure tr\u00e8s r\u00e9active<\/strong> : La composition de la couverture permet un excellent retour d&rsquo;\u00e9nergie, ce qui se traduit par une distance sup\u00e9rieure tout en conservant un excellent contr\u00f4le.<\/p>\n<\/li>\n<li data-start=\"1318\" data-end=\"1551\">\n<p data-start=\"1320\" data-end=\"1551\"><strong data-start=\"1320\" data-end=\"1340\">Noyau FastLayer\u2122<\/strong> : Ce noyau innovant, plus souple au centre et plus ferme \u00e0 l&rsquo;ext\u00e9rieur, permet de r\u00e9duire la compression au contact du club pour plus de distance tout en offrant une sensation douce et un contr\u00f4le exceptionnel.<\/p>\n<\/li>\n<li data-start=\"1553\" data-end=\"1722\">\n<p data-start=\"1555\" data-end=\"1722\"><strong data-start=\"1555\" data-end=\"1579\">Structure \u00e0 3 pi\u00e8ces<\/strong> : Cette construction garantit une performance maximale avec une stabilit\u00e9 \u00e9lev\u00e9e, offrant ainsi une grande pr\u00e9cision tout au long du parcours.<\/p>\n<\/li>\n<\/ul>\n<hr data-start=\"1724\" data-end=\"1727\" \/>\n<h3 data-start=\"1729\" data-end=\"1748\"><strong data-start=\"1733\" data-end=\"1748\">Avantages :<\/strong><\/h3>\n<ul data-start=\"1750\" data-end=\"2443\">\n<li data-start=\"1750\" data-end=\"1904\">\n<p data-start=\"1752\" data-end=\"1904\"><strong data-start=\"1752\" data-end=\"1774\">Distance augment\u00e9e<\/strong> : La Srixon Z-Star est con\u00e7ue pour vous offrir plus de longueur tout en maintenant un excellent contr\u00f4le et une grande pr\u00e9cision.<\/p>\n<\/li>\n<li data-start=\"1908\" data-end=\"2085\">\n<p data-start=\"1910\" data-end=\"2085\"><strong data-start=\"1910\" data-end=\"1935\">Contr\u00f4le exceptionnel<\/strong> : Parfaite pour les golfeurs qui aiment travailler leurs coups autour du green, elle permet de donner des effets fins sur les approches et les putts.<\/p>\n<\/li>\n<li data-start=\"2087\" data-end=\"2260\">\n<p data-start=\"2089\" data-end=\"2260\"><strong data-start=\"2089\" data-end=\"2114\">Durabilit\u00e9 sup\u00e9rieure<\/strong> : La couverture en ur\u00e9thane permet une meilleure r\u00e9sistance \u00e0 l&rsquo;usure et aux coupures, garantissant une performance constante au fil des parties.<\/p>\n<\/li>\n<li data-start=\"2262\" data-end=\"2443\">\n<p data-start=\"2264\" data-end=\"2443\"><strong data-start=\"2264\" data-end=\"2283\">Sensation douce<\/strong> : Que ce soit sur le tee ou autour du green, cette balle offre une sensation agr\u00e9able et contr\u00f4l\u00e9e, id\u00e9ale pour les joueurs qui recherchent un confort optimal.<\/p>\n<\/li>\n<\/ul>\n<hr data-start=\"2445\" data-end=\"2448\" \/>\n<h3 data-start=\"2450\" data-end=\"2493\"><strong data-start=\"2454\" data-end=\"2493\">Pourquoi choisir la Srixon Z-Star ?<\/strong><\/h3>\n<p data-start=\"2495\" data-end=\"2866\">La <strong data-start=\"2498\" data-end=\"2515\">Srixon Z-Star<\/strong> est la balle qui allie distance, contr\u00f4le et sensation. Si vous \u00eates un golfeur \u00e0 la recherche d\u2019une balle capable de r\u00e9pondre \u00e0 vos attentes en mati\u00e8re de performances avanc\u00e9es, cette balle est faite pour vous. Son design innovant et ses technologies de pointe en font un choix parfait pour ceux qui souhaitent \u00e9lever leur jeu \u00e0 un niveau sup\u00e9rieur.<\/p>\n","protected":false},"excerpt":{"rendered":"<p>Balle de Golf Srixon Z-Star Description du produit : La Srixon Z-Star est la balle de golf de pr\u00e9dilection pour les golfeurs en qu\u00eate de performance, de contr\u00f4le et de distance. Con\u00e7ue pour les joueurs de niveau interm\u00e9diaire \u00e0 avanc\u00e9, elle combine une technologie de pointe avec une sensation de jeu unique. Parfaite pour ceux &hellip; <a href=\"https:\/\/ballesgolf.ch\/index.php\/produit\/srixon-z-star\/\" class=\"more-link\">Continuer la lecture<span class=\"screen-reader-text\"> de &laquo;&nbsp;Srixon Z-Star&nbsp;&raquo;<\/span><\/a><\/p>\n","protected":false},"featured_media":898,"comment_status":"open","ping_status":"closed","template":"","meta":{"jetpack_post_was_ever_published":false,"jetpack_publicize_message":"","jetpack_publicize_feature_enabled":true,"jetpack_social_post_already_shared":true,"jetpack_social_options":{"image_generator_settings":{"template":"highway","default_image_id":0,"font":"","enabled":false},"version":2}},"product_brand":[],"product_cat":[36],"product_tag":[],"class_list":{"0":"post-900","1":"product","2":"type-product","3":"status-publish","4":"has-post-thumbnail","6":"product_cat-srixon","8":"first","9":"instock","10":"shipping-taxable","11":"purchasable","12":"product-type-simple"},"jetpack_publicize_connections":[],"jetpack_sharing_enabled":true,"_links":{"self":[{"href":"https:\/\/ballesgolf.ch\/index.php\/wp-json\/wp\/v2\/product\/900","targetHints":{"allow":["GET"]}}],"collection":[{"href":"https:\/\/ballesgolf.ch\/index.php\/wp-json\/wp\/v2\/product"}],"about":[{"href":"https:\/\/ballesgolf.ch\/index.php\/wp-json\/wp\/v2\/types\/product"}],"replies":[{"embeddable":true,"href":"https:\/\/ballesgolf.ch\/index.php\/wp-json\/wp\/v2\/comments?post=900"}],"wp:featuredmedia":[{"embeddable":true,"href":"https:\/\/ballesgolf.ch\/index.php\/wp-json\/wp\/v2\/media\/898"}],"wp:attachment":[{"href":"https:\/\/ballesgolf.ch\/index.php\/wp-json\/wp\/v2\/media?parent=900"}],"wp:term":[{"taxonomy":"product_brand","embeddable":true,"href":"https:\/\/ballesgolf.ch\/index.php\/wp-json\/wp\/v2\/product_brand?post=900"},{"taxonomy":"product_cat","embeddable":true,"href":"https:\/\/ballesgolf.ch\/index.php\/wp-json\/wp\/v2\/product_cat?post=900"},{"taxonomy":"product_tag","embeddable":true,"href":"https:\/\/ballesgolf.ch\/index.php\/wp-json\/wp\/v2\/product_tag?post=900"}],"curies":[{"name":"wp","href":"https:\/\/api.w.org\/{rel}","templated":true}]}}