{"id":923,"date":"2025-11-27T11:39:49","date_gmt":"2025-11-27T10:39:49","guid":{"rendered":"https:\/\/ballesgolf.ch\/?post_type=product&#038;p=923"},"modified":"2026-03-05T11:48:57","modified_gmt":"2026-03-05T10:48:57","slug":"callaway-cxr","status":"publish","type":"product","link":"https:\/\/ballesgolf.ch\/index.php\/produit\/callaway-cxr\/","title":{"rendered":"Callaway CXR"},"content":{"rendered":"<figure id=\"attachment_921\" aria-describedby=\"caption-attachment-921\" style=\"width: 300px\" class=\"wp-caption alignnone\"><img loading=\"lazy\" decoding=\"async\" class=\"size-medium wp-image-921\" src=\"https:\/\/ballesgolf.ch\/wp-content\/uploads\/2025\/11\/IMG_1800-300x225.jpg\" alt=\"callaway CXR\" width=\"300\" height=\"225\" title=\"\" srcset=\"https:\/\/ballesgolf.ch\/wp-content\/uploads\/2025\/11\/IMG_1800-300x225.jpg 300w, https:\/\/ballesgolf.ch\/wp-content\/uploads\/2025\/11\/IMG_1800-1024x768.jpg 1024w, https:\/\/ballesgolf.ch\/wp-content\/uploads\/2025\/11\/IMG_1800-768x576.jpg 768w, https:\/\/ballesgolf.ch\/wp-content\/uploads\/2025\/11\/IMG_1800-1536x1152.jpg 1536w, https:\/\/ballesgolf.ch\/wp-content\/uploads\/2025\/11\/IMG_1800-2048x1536.jpg 2048w, https:\/\/ballesgolf.ch\/wp-content\/uploads\/2025\/11\/IMG_1800-1200x900.jpg 1200w, https:\/\/ballesgolf.ch\/wp-content\/uploads\/2025\/11\/IMG_1800-400x300.jpg 400w\" sizes=\"auto, (max-width: 300px) 85vw, 300px\" \/><figcaption id=\"caption-attachment-921\" class=\"wp-caption-text\">callaway CXR<\/figcaption><\/figure>\n<h2 data-start=\"211\" data-end=\"245\"><strong data-start=\"214\" data-end=\"245\">Balles de Golf Callaway CXR<\/strong><\/h2>\n<h3 data-start=\"247\" data-end=\"311\"><strong data-start=\"251\" data-end=\"311\">Am\u00e9liorez votre jeu avec les balles de golf Callaway CXR<\/strong><\/h3>\n<p data-start=\"313\" data-end=\"647\">Les <strong data-start=\"317\" data-end=\"348\">balles de golf Callaway CXR<\/strong> sont sp\u00e9cialement con\u00e7ues pour offrir un excellent compromis entre distance et contr\u00f4le, avec un design innovant qui maximise vos performances sur le parcours. Que vous soyez un joueur d\u00e9butant ou exp\u00e9riment\u00e9, les balles CXR vous donneront l&rsquo;avantage dont vous avez besoin pour r\u00e9ussir chaque coup.<\/p>\n<h3 data-start=\"649\" data-end=\"687\"><strong data-start=\"653\" data-end=\"687\">Caract\u00e9ristiques principales :<\/strong><\/h3>\n<ul data-start=\"689\" data-end=\"1459\">\n<li data-start=\"689\" data-end=\"887\">\n<p data-start=\"691\" data-end=\"887\"><strong data-start=\"691\" data-end=\"720\">Technologie CXR (Core-XR)<\/strong> : Le noyau innovant CXR offre une compression optimis\u00e9e pour un lancement plus rapide et une distance accrue, tout en conservant une sensation douce lors de l&rsquo;impact.<\/p>\n<\/li>\n<li data-start=\"888\" data-end=\"1078\">\n<p data-start=\"890\" data-end=\"1078\"><strong data-start=\"890\" data-end=\"916\">Couverture en ionom\u00e8re<\/strong> : Cette couverture robuste procure une durabilit\u00e9 exceptionnelle et une meilleure r\u00e9sistance aux rayures, vous permettant de jouer plus longtemps sans compromis.<\/p>\n<\/li>\n<li data-start=\"1079\" data-end=\"1262\">\n<p data-start=\"1081\" data-end=\"1262\"><strong data-start=\"1081\" data-end=\"1111\">A\u00e9rodynamisme perfectionn\u00e9<\/strong> : Le design de la couverture est con\u00e7u pour maximiser la distance en r\u00e9duisant la tra\u00een\u00e9e, offrant une trajectoire plus stable m\u00eame par temps venteux.<\/p>\n<\/li>\n<li data-start=\"1263\" data-end=\"1459\">\n<p data-start=\"1265\" data-end=\"1459\"><strong data-start=\"1265\" data-end=\"1289\">Compression optimale<\/strong> : La combinaison de faible compression pour un meilleur toucher et de haute performance pour les coups longs permet aux joueurs de tirer le meilleur parti de leur swing.<\/p>\n<\/li>\n<\/ul>\n<h3 data-start=\"1461\" data-end=\"1504\"><strong data-start=\"1465\" data-end=\"1504\">Avantages des balles Callaway CXR :<\/strong><\/h3>\n<ul data-start=\"1506\" data-end=\"2092\">\n<li data-start=\"1506\" data-end=\"1639\">\n<p data-start=\"1508\" data-end=\"1639\"><strong data-start=\"1508\" data-end=\"1529\">Distance maximale<\/strong> : Profitez d&rsquo;une distance de frappe am\u00e9lior\u00e9e gr\u00e2ce au noyau \u00e0 faible compression et au design a\u00e9rodynamique.<\/p>\n<\/li>\n<li data-start=\"1640\" data-end=\"1779\">\n<p data-start=\"1642\" data-end=\"1779\"><strong data-start=\"1642\" data-end=\"1664\">Contr\u00f4le sup\u00e9rieur<\/strong> : Obtenez un meilleur contr\u00f4le sur vos coups courts gr\u00e2ce \u00e0 une sensation douce et une meilleure r\u00e9ponse au green.<\/p>\n<\/li>\n<li data-start=\"1780\" data-end=\"1935\">\n<p data-start=\"1782\" data-end=\"1935\"><strong data-start=\"1782\" data-end=\"1803\">Durabilit\u00e9 accrue<\/strong> : La couverture en ionom\u00e8re r\u00e9siste \u00e0 l&rsquo;usure, ce qui garantit une plus longue dur\u00e9e de vie de la balle, m\u00eame apr\u00e8s plusieurs jeux.<\/p>\n<\/li>\n<li data-start=\"1936\" data-end=\"2092\">\n<p data-start=\"1938\" data-end=\"2092\"><strong data-start=\"1938\" data-end=\"1967\">Adapt\u00e9 \u00e0 tous les niveaux<\/strong> : Que vous soyez un golfeur d\u00e9butant ou confirm\u00e9, les balles Callaway CXR vous apporteront des performances exceptionnelles.<\/p>\n<\/li>\n<\/ul>\n<h3 data-start=\"2094\" data-end=\"2144\"><strong data-start=\"2098\" data-end=\"2144\">Pourquoi choisir les balles Callaway CXR ?<\/strong><\/h3>\n<p data-start=\"2146\" data-end=\"2469\">Les balles de golf Callaway CXR sont une excellente option pour les golfeurs \u00e0 la recherche d&rsquo;une balle performante offrant \u00e0 la fois distance et contr\u00f4le. Avec leur technologie avanc\u00e9e et leur construction optimis\u00e9e, elles sont id\u00e9ales pour les joueurs qui veulent maximiser leur jeu sans compromettre la sensation de jeu.<\/p>\n<p data-start=\"2471\" data-end=\"2498\"><strong data-start=\"2471\" data-end=\"2498\">Le choix parfait pour :<\/strong><\/p>\n<ul data-start=\"2500\" data-end=\"2720\">\n<li data-start=\"2500\" data-end=\"2542\">\n<p data-start=\"2502\" data-end=\"2542\">Am\u00e9liorer la distance de vos longs coups<\/p>\n<\/li>\n<li data-start=\"2543\" data-end=\"2600\">\n<p data-start=\"2545\" data-end=\"2600\">Obtenir un meilleur contr\u00f4le sur les coups de pr\u00e9cision<\/p>\n<\/li>\n<li data-start=\"2601\" data-end=\"2653\">\n<p data-start=\"2603\" data-end=\"2653\">Profiter d&rsquo;une durabilit\u00e9 accrue pour plus de jeux<\/p>\n<\/li>\n<li data-start=\"2654\" data-end=\"2720\">\n<p data-start=\"2656\" data-end=\"2720\">Adopter une balle performante, quel que soit votre niveau de jeu<\/p>\n<\/li>\n<\/ul>\n","protected":false},"excerpt":{"rendered":"<p>Balles de Golf Callaway CXR Am\u00e9liorez votre jeu avec les balles de golf Callaway CXR Les balles de golf Callaway CXR sont sp\u00e9cialement con\u00e7ues pour offrir un excellent compromis entre distance et contr\u00f4le, avec un design innovant qui maximise vos performances sur le parcours. Que vous soyez un joueur d\u00e9butant ou exp\u00e9riment\u00e9, les balles CXR &hellip; <a href=\"https:\/\/ballesgolf.ch\/index.php\/produit\/callaway-cxr\/\" class=\"more-link\">Continuer la lecture<span class=\"screen-reader-text\"> de &laquo;&nbsp;Callaway CXR&nbsp;&raquo;<\/span><\/a><\/p>\n","protected":false},"featured_media":921,"comment_status":"open","ping_status":"closed","template":"","meta":{"jetpack_post_was_ever_published":false,"jetpack_publicize_message":"","jetpack_publicize_feature_enabled":true,"jetpack_social_post_already_shared":true,"jetpack_social_options":{"image_generator_settings":{"template":"highway","default_image_id":0,"font":"","enabled":false},"version":2}},"product_brand":[],"product_cat":[31],"product_tag":[],"class_list":{"0":"post-923","1":"product","2":"type-product","3":"status-publish","4":"has-post-thumbnail","6":"product_cat-callaway","8":"first","9":"instock","10":"shipping-taxable","11":"purchasable","12":"product-type-simple"},"jetpack_publicize_connections":[],"jetpack_sharing_enabled":true,"_links":{"self":[{"href":"https:\/\/ballesgolf.ch\/index.php\/wp-json\/wp\/v2\/product\/923","targetHints":{"allow":["GET"]}}],"collection":[{"href":"https:\/\/ballesgolf.ch\/index.php\/wp-json\/wp\/v2\/product"}],"about":[{"href":"https:\/\/ballesgolf.ch\/index.php\/wp-json\/wp\/v2\/types\/product"}],"replies":[{"embeddable":true,"href":"https:\/\/ballesgolf.ch\/index.php\/wp-json\/wp\/v2\/comments?post=923"}],"wp:featuredmedia":[{"embeddable":true,"href":"https:\/\/ballesgolf.ch\/index.php\/wp-json\/wp\/v2\/media\/921"}],"wp:attachment":[{"href":"https:\/\/ballesgolf.ch\/index.php\/wp-json\/wp\/v2\/media?parent=923"}],"wp:term":[{"taxonomy":"product_brand","embeddable":true,"href":"https:\/\/ballesgolf.ch\/index.php\/wp-json\/wp\/v2\/product_brand?post=923"},{"taxonomy":"product_cat","embeddable":true,"href":"https:\/\/ballesgolf.ch\/index.php\/wp-json\/wp\/v2\/product_cat?post=923"},{"taxonomy":"product_tag","embeddable":true,"href":"https:\/\/ballesgolf.ch\/index.php\/wp-json\/wp\/v2\/product_tag?post=923"}],"curies":[{"name":"wp","href":"https:\/\/api.w.org\/{rel}","templated":true}]}}