{"id":975,"date":"2026-03-24T15:44:43","date_gmt":"2026-03-24T14:44:43","guid":{"rendered":"https:\/\/ballesgolf.ch\/?post_type=product&#038;p=975"},"modified":"2026-03-24T15:44:44","modified_gmt":"2026-03-24T14:44:44","slug":"volvik-bleu","status":"publish","type":"product","link":"https:\/\/ballesgolf.ch\/index.php\/produit\/volvik-bleu\/","title":{"rendered":"Volvik bleu"},"content":{"rendered":"<figure id=\"attachment_974\" aria-describedby=\"caption-attachment-974\" style=\"width: 300px\" class=\"wp-caption alignnone\"><img loading=\"lazy\" decoding=\"async\" class=\"size-medium wp-image-974\" src=\"https:\/\/ballesgolf.ch\/wp-content\/uploads\/2026\/03\/IMG_1842-300x225.jpg\" alt=\"volvik bleu\" width=\"300\" height=\"225\" title=\"\" srcset=\"https:\/\/ballesgolf.ch\/wp-content\/uploads\/2026\/03\/IMG_1842-300x225.jpg 300w, https:\/\/ballesgolf.ch\/wp-content\/uploads\/2026\/03\/IMG_1842-1024x768.jpg 1024w, https:\/\/ballesgolf.ch\/wp-content\/uploads\/2026\/03\/IMG_1842-768x576.jpg 768w, https:\/\/ballesgolf.ch\/wp-content\/uploads\/2026\/03\/IMG_1842-1536x1152.jpg 1536w, https:\/\/ballesgolf.ch\/wp-content\/uploads\/2026\/03\/IMG_1842-2048x1536.jpg 2048w, https:\/\/ballesgolf.ch\/wp-content\/uploads\/2026\/03\/IMG_1842-1200x900.jpg 1200w, https:\/\/ballesgolf.ch\/wp-content\/uploads\/2026\/03\/IMG_1842-400x300.jpg 400w\" sizes=\"auto, (max-width: 300px) 85vw, 300px\" \/><figcaption id=\"caption-attachment-974\" class=\"wp-caption-text\">volvik bleu<\/figcaption><\/figure>\n<h3 data-section-id=\"44ubc3\" data-start=\"684\" data-end=\"714\"><span role=\"text\"><strong data-start=\"691\" data-end=\"714\">Description produit<\/strong><\/span><\/h3>\n<p data-start=\"715\" data-end=\"953\">La balle de golf Volvik bleue combine performance et originalit\u00e9. Con\u00e7ue pour offrir une visibilit\u00e9 optimale sur le parcours, elle permet aux joueurs de suivre facilement chaque trajectoire, m\u00eame dans des conditions de lumi\u00e8re difficiles.<\/p>\n<p data-start=\"955\" data-end=\"1002\">Gr\u00e2ce \u00e0 sa technologie avanc\u00e9e, elle garantit :<\/p>\n<ul data-start=\"1003\" data-end=\"1102\">\n<li data-section-id=\"tuoxsk\" data-start=\"1003\" data-end=\"1028\">Une excellente distance<\/li>\n<li data-section-id=\"iinsoc\" data-start=\"1029\" data-end=\"1069\">Un contr\u00f4le am\u00e9lior\u00e9 autour des greens<\/li>\n<li data-section-id=\"hffq33\" data-start=\"1070\" data-end=\"1102\">Une sensation douce \u00e0 l\u2019impact<\/li>\n<\/ul>\n<p data-start=\"1104\" data-end=\"1175\">Id\u00e9ale pour les golfeurs qui veulent allier efficacit\u00e9 et personnalit\u00e9.<\/p>\n","protected":false},"excerpt":{"rendered":"<p>Description produit La balle de golf Volvik bleue combine performance et originalit\u00e9. Con\u00e7ue pour offrir une visibilit\u00e9 optimale sur le parcours, elle permet aux joueurs de suivre facilement chaque trajectoire, m\u00eame dans des conditions de lumi\u00e8re difficiles. Gr\u00e2ce \u00e0 sa technologie avanc\u00e9e, elle garantit : Une excellente distance Un contr\u00f4le am\u00e9lior\u00e9 autour des greens Une &hellip; <a href=\"https:\/\/ballesgolf.ch\/index.php\/produit\/volvik-bleu\/\" class=\"more-link\">Continuer la lecture<span class=\"screen-reader-text\"> de &laquo;&nbsp;Volvik bleu&nbsp;&raquo;<\/span><\/a><\/p>\n","protected":false},"featured_media":974,"comment_status":"open","ping_status":"closed","template":"","meta":{"jetpack_post_was_ever_published":false,"jetpack_publicize_message":"","jetpack_publicize_feature_enabled":true,"jetpack_social_post_already_shared":true,"jetpack_social_options":{"image_generator_settings":{"template":"highway","default_image_id":0,"font":"","enabled":false},"version":2}},"product_brand":[],"product_cat":[15],"product_tag":[],"class_list":{"0":"post-975","1":"product","2":"type-product","3":"status-publish","4":"has-post-thumbnail","6":"product_cat-non-classe","8":"first","9":"instock","10":"shipping-taxable","11":"purchasable","12":"product-type-simple"},"jetpack_publicize_connections":[],"jetpack_sharing_enabled":true,"_links":{"self":[{"href":"https:\/\/ballesgolf.ch\/index.php\/wp-json\/wp\/v2\/product\/975","targetHints":{"allow":["GET"]}}],"collection":[{"href":"https:\/\/ballesgolf.ch\/index.php\/wp-json\/wp\/v2\/product"}],"about":[{"href":"https:\/\/ballesgolf.ch\/index.php\/wp-json\/wp\/v2\/types\/product"}],"replies":[{"embeddable":true,"href":"https:\/\/ballesgolf.ch\/index.php\/wp-json\/wp\/v2\/comments?post=975"}],"wp:featuredmedia":[{"embeddable":true,"href":"https:\/\/ballesgolf.ch\/index.php\/wp-json\/wp\/v2\/media\/974"}],"wp:attachment":[{"href":"https:\/\/ballesgolf.ch\/index.php\/wp-json\/wp\/v2\/media?parent=975"}],"wp:term":[{"taxonomy":"product_brand","embeddable":true,"href":"https:\/\/ballesgolf.ch\/index.php\/wp-json\/wp\/v2\/product_brand?post=975"},{"taxonomy":"product_cat","embeddable":true,"href":"https:\/\/ballesgolf.ch\/index.php\/wp-json\/wp\/v2\/product_cat?post=975"},{"taxonomy":"product_tag","embeddable":true,"href":"https:\/\/ballesgolf.ch\/index.php\/wp-json\/wp\/v2\/product_tag?post=975"}],"curies":[{"name":"wp","href":"https:\/\/api.w.org\/{rel}","templated":true}]}}